{"id":1107,"date":"2013-10-29T11:30:23","date_gmt":"2013-10-29T10:30:23","guid":{"rendered":"http:\/\/www.solvena.pl\/?page_id=1107"},"modified":"2021-03-25T14:54:00","modified_gmt":"2021-03-25T13:54:00","slug":"ekoradar-system-do-kontroli-firm-wywozowych-z-modulem-mobilnym","status":"publish","type":"page","link":"https:\/\/www.solvena.pl\/?page_id=1107","title":{"rendered":"EKORADAR &#8211;  Platforma do monitorowania gospodarki odpadami w Gminie"},"content":{"rendered":"<p><strong>Platforma EKORADAR<\/strong> jest aplikacj\u0105 komputerow\u0105 dost\u0119pn\u0105 dla pracownik\u00f3w Urz\u0119d\u00f3w Gmin oraz Firm Wywozowych za pomoc\u0105 przegl\u0105darki internetowej.<\/p>\n<p><strong>EKORADAR<\/strong> umo\u017cliwia komunikacj\u0119 mi\u0119dzy Gmin\u0105 a Firmami wywozowymi, obs\u0142ug\u0119 wi\u0119kszo\u015bci kluczowych proces\u00f3w w zakresie ewidencji i monitorowania stanu gospodarki odpadami komunalnymi w Gminie lub Zwi\u0105zku Mi\u0119dzygminnym.<\/p>\n<p>Platforma EKORADAR jest aplikacj\u0105 komputerow\u0105 dost\u0119pn\u0105 dla pracownik\u00f3w <strong>Urz\u0119d\u00f3w Gmin, Firm Wywozowych oraz Mieszka\u0144c\u00f3w<\/strong> za pomoc\u0105 przegl\u0105darki internetowej.<\/p>\n<p><strong>C<em>ele wdro\u017cenia systemu:<\/em><\/strong><br \/>\n&#8211; Zarz\u0105dzanie Punktami Zbi\u00f3rki i odbiorem odpad\u00f3w<br \/>\n&#8211; Komunikacja mi\u0119dzy Urz\u0119dem, Firmami wywozowymi i mieszka\u0144cami<br \/>\n&#8211; Efektywna kontrola<br \/>\n&#8211; Jedna platforma dla Urz\u0119du, niezale\u017cno\u015b\u0107 od aplikacji r\u00f3\u017cnych Firmy wywozowych<br \/>\n&#8211; Obs\u0142uga reklamacji<br \/>\n&#8211; Monitorowanie osi\u0105gni\u0119cia zak\u0142adanych poziom\u00f3w ogranicze\u0144 (bio, selektywne etc)<br \/>\n&#8211; Minimalizowanie ryzyka kar umownych z tytu\u0142u niespe\u0142nienia zapis\u00f3w umowy na odbi\u00f3r odpad\u00f3w<\/p>\n<p>Aplikacja EKORADAR dzia\u0142a niezale\u017cnie od funkcjonuj\u0105cego w Gminie systemu informatycznego do naliczania i windykacji op\u0142at.<\/p>\n<p>W trakcie wdro\u017cenia wymaga dokonania jednorazowego importu danych z systemu do ewidencji deklaracji lub innej bazy zawieraj\u0105cej informacje o punktach odbioru odpad\u00f3w (Punkty Zbi\u00f3rki) (dane teleadresowe, typ zbi\u00f3rki, ilo\u015bci deklarowanych os\u00f3b na nieruchomo\u015bci, pojemniki etc.). Kolejne zmiany nanoszone s\u0105 r\u0119cznie lub za pomoc\u0105 importu z bazy \u017ar\u00f3d\u0142owej.<\/p>\n<p>Wi\u0119cej informacji na stronie <strong>www.ekoradar.pl<\/strong><br \/>\n&nbsp;<\/p>\n","protected":false},"excerpt":{"rendered":"<p>Platforma EKORADAR jest aplikacj\u0105 komputerow\u0105 dost\u0119pn\u0105 dla pracownik\u00f3w Urz\u0119d\u00f3w Gmin oraz Firm Wywozowych za pomoc\u0105 przegl\u0105darki internetowej. EKORADAR umo\u017cliwia komunikacj\u0119 mi\u0119dzy Gmin\u0105 a Firmami wywozowymi, obs\u0142ug\u0119 wi\u0119kszo\u015bci kluczowych proces\u00f3w w zakresie ewidencji i monitorowania stanu gospodarki odpadami komunalnymi w Gminie lub Zwi\u0105zku Mi\u0119dzygminnym. Platforma EKORADAR jest aplikacj\u0105 komputerow\u0105 dost\u0119pn\u0105 dla pracownik\u00f3w Urz\u0119d\u00f3w Gmin, Firm Wywozowych&hellip; <br \/> <a class=\"read-more\" href=\"https:\/\/www.solvena.pl\/?page_id=1107\">Dowiedz si\u0119 wi\u0119cej<\/a><\/p>\n","protected":false},"author":1,"featured_media":1424,"parent":0,"menu_order":0,"comment_status":"closed","ping_status":"open","template":"","meta":{"_mi_skip_tracking":false},"_links":{"self":[{"href":"https:\/\/www.solvena.pl\/index.php?rest_route=\/wp\/v2\/pages\/1107"}],"collection":[{"href":"https:\/\/www.solvena.pl\/index.php?rest_route=\/wp\/v2\/pages"}],"about":[{"href":"https:\/\/www.solvena.pl\/index.php?rest_route=\/wp\/v2\/types\/page"}],"author":[{"embeddable":true,"href":"https:\/\/www.solvena.pl\/index.php?rest_route=\/wp\/v2\/users\/1"}],"replies":[{"embeddable":true,"href":"https:\/\/www.solvena.pl\/index.php?rest_route=%2Fwp%2Fv2%2Fcomments&post=1107"}],"version-history":[{"count":24,"href":"https:\/\/www.solvena.pl\/index.php?rest_route=\/wp\/v2\/pages\/1107\/revisions"}],"predecessor-version":[{"id":1374,"href":"https:\/\/www.solvena.pl\/index.php?rest_route=\/wp\/v2\/pages\/1107\/revisions\/1374"}],"wp:featuredmedia":[{"embeddable":true,"href":"https:\/\/www.solvena.pl\/index.php?rest_route=\/wp\/v2\/media\/1424"}],"wp:attachment":[{"href":"https:\/\/www.solvena.pl\/index.php?rest_route=%2Fwp%2Fv2%2Fmedia&parent=1107"}],"curies":[{"name":"wp","href":"https:\/\/api.w.org\/{rel}","templated":true}]}}