{"id":1306,"date":"2016-09-07T14:29:19","date_gmt":"2016-09-07T12:29:19","guid":{"rendered":"http:\/\/www.solvena.pl\/?page_id=1306"},"modified":"2021-03-25T14:51:45","modified_gmt":"2021-03-25T13:51:45","slug":"modul-podstawowy","status":"publish","type":"page","link":"https:\/\/www.solvena.pl\/?page_id=1306","title":{"rendered":"Aplikacja zarz\u0105dzaj\u0105ca"},"content":{"rendered":"<p><em><strong>Modu\u0142y podstawowe<\/strong><\/em><\/p>\n<p><strong><em>Aplikacja zarz\u0105dzaj\u0105ca<\/em> <\/strong><br \/>\n&#8211; Tworzenie i ewidencje Punkt\u00f3w zbi\u00f3rki z podzia\u0142em na sektor, osiedle, typ nieruchomo\u015bci (jednorodzinne, wielorodzinne, domki letniskowe, szko\u0142y etc.), typ segregacji (selektywna, nieposegregowane), status (aktywne\/nieaktywne), ilo\u015b\u0107 mieszka\u0144c\u00f3w, etc.<\/p>\n<p>&#8211; Rejestracja firm wywozowych i przypisanie do nich sektor\u00f3w<\/p>\n<p>&#8211; Tworzenie harmonogramu wywoz\u00f3w dla sektor\u00f3w w zale\u017cno\u015bci od frakcji czy typu nieruchomo\u015bci,<\/p>\n<p>&#8211; Tworzenie bie\u017c\u0105cego harmonogramu wywoz\u00f3w (dzienna tras\u00f3wka)<\/p>\n<p>&#8211; Potwierdzanie zrealizowanych odbior\u00f3w przez firm\u0119 wywozow\u0105 (r\u0119cznie lub za pomoc\u0105 interfejsu mobilnego) w zakresie daty, frakcji, pojemnika, ilo\u015bci, wsp\u00f3\u0142rz\u0119dnych GPS, dane pojazdu \u201e\u015bmieciarki\u201d<\/p>\n<p>&#8211; Mo\u017cliwo\u015b\u0107 wykorzystania Aplikacji Mobilnej EKORADAR lub pozyskiwania danych od firm wywozowych &#8211; Ewidencja tzw. Dzikich wysypisk czy \u015amieci niczyich<\/p>\n<p>&#8211; Przekazywanie Firmie wywozowej przez Urz\u0105d informacji w zakresie zmian w Punkcie zbi\u00f3rki (np. korekt deklaracji dotycz\u0105cych zmian rodzaju lub wielko\u015bci pojemnika (nieruchomo\u015bci, posesji), typu zbi\u00f3rki, reklamacji<\/p>\n<p>&#8211; Wprowadzanie przez Firm\u0119 Wywozow\u0105 informacji o podstawionych pojemnikach, przekazywanie uwag dotycz\u0105cych odbior\u00f3w (np. brak segregacji lub pojemnik\u00f3w, z\u0142y pies etc,)<\/p>\n<p>&#8211; Widok dla mieszka\u0144ca dost\u0119pny na stronie Urz\u0119du umo\u017cliwia podgl\u0105d stanu PZ tj, pojemnik\u00f3w, typu segregacji, harmonogramu odbior\u00f3w (eksport do PDF), ostatnio dokonanych odbior\u00f3w, reklamacji<\/p>\n<p>Obs\u0142uga procesu reklamacyjnego w szczeg\u00f3lno\u015bci \u2013sk\u0142adanie przez mieszka\u0144c\u00f3w reklamacji dzi\u0119ki wtyczce umieszczonej na stronie Urz\u0119du, ewidencja zg\u0142osze\u0144 i odpowiedzi wraz z nadawaniem status\u00f3w (z\u0142o\u017cone, w opracowaniu, za\u0142atwione itp.)<\/p>\n<p>Powiadomienia email dla u\u017cytkownik\u00f3w o istotnych zmianach w PZ np. (reklamacje, zmiana pojemnika, nowy PZ etc.)<\/p>\n<p>Weryfikowanie przez pracownik\u00f3w Gminy us\u0142ug realizowanych przez Firm\u0119 Wywozow\u0105 (bie\u017c\u0105cy monitoring oraz analizy Excel)<\/p>\n<p>Wizualizacja na mapie cyfrowej aktualnie realizowanych odbior\u00f3w<\/p>\n<p>Mo\u017cliwo\u015b\u0107 tworzenia i edytowania s\u0142ownik\u00f3w dla sektor\u00f3w, frakcji, pojemnik\u00f3w, \u015bmieciarek itp.<\/p>\n<p>Raportowanie w oparciu o rozbudowany system filtr\u00f3w w zakresie:<\/p>\n<p>&#8211; kontroli zgodno\u015bci rzeczywistego stanu przekazywanych przez mieszka\u0144c\u00f3w odpad\u00f3w z deklaracj\u0105,<br \/>\n&#8211; zrealizowanych odbior\u00f3w,<br \/>\n&#8211; ilo\u015bci reklamacji,<br \/>\n&#8211; eksportowanie danych z widok\u00f3w do Excel,<\/p>\n<p>&#8211; Typowanie i dokonywanie kontroli Punkt\u00f3w Zbi\u00f3rki przez Urz\u0105d wraz z dodawaniem do systemu plik\u00f3w j.n. protok\u00f3\u0142 kontroli, zdj\u0119cia, \u201e\u017c\u00f3\u0142ta kartka\u201d<\/p>\n","protected":false},"excerpt":{"rendered":"<p>Modu\u0142y podstawowe Aplikacja zarz\u0105dzaj\u0105ca &#8211; Tworzenie i ewidencje Punkt\u00f3w zbi\u00f3rki z podzia\u0142em na sektor, osiedle, typ nieruchomo\u015bci (jednorodzinne, wielorodzinne, domki letniskowe, szko\u0142y etc.), typ segregacji (selektywna, nieposegregowane), status (aktywne\/nieaktywne), ilo\u015b\u0107 mieszka\u0144c\u00f3w, etc. &#8211; Rejestracja firm wywozowych i przypisanie do nich sektor\u00f3w &#8211; Tworzenie harmonogramu wywoz\u00f3w dla sektor\u00f3w w zale\u017cno\u015bci od frakcji czy typu nieruchomo\u015bci, &#8211;&hellip; <br \/> <a class=\"read-more\" href=\"https:\/\/www.solvena.pl\/?page_id=1306\">Dowiedz si\u0119 wi\u0119cej<\/a><\/p>\n","protected":false},"author":1,"featured_media":0,"parent":1107,"menu_order":0,"comment_status":"closed","ping_status":"closed","template":"","meta":{"_mi_skip_tracking":false},"_links":{"self":[{"href":"https:\/\/www.solvena.pl\/index.php?rest_route=\/wp\/v2\/pages\/1306"}],"collection":[{"href":"https:\/\/www.solvena.pl\/index.php?rest_route=\/wp\/v2\/pages"}],"about":[{"href":"https:\/\/www.solvena.pl\/index.php?rest_route=\/wp\/v2\/types\/page"}],"author":[{"embeddable":true,"href":"https:\/\/www.solvena.pl\/index.php?rest_route=\/wp\/v2\/users\/1"}],"replies":[{"embeddable":true,"href":"https:\/\/www.solvena.pl\/index.php?rest_route=%2Fwp%2Fv2%2Fcomments&post=1306"}],"version-history":[{"count":3,"href":"https:\/\/www.solvena.pl\/index.php?rest_route=\/wp\/v2\/pages\/1306\/revisions"}],"predecessor-version":[{"id":1390,"href":"https:\/\/www.solvena.pl\/index.php?rest_route=\/wp\/v2\/pages\/1306\/revisions\/1390"}],"up":[{"embeddable":true,"href":"https:\/\/www.solvena.pl\/index.php?rest_route=\/wp\/v2\/pages\/1107"}],"wp:attachment":[{"href":"https:\/\/www.solvena.pl\/index.php?rest_route=%2Fwp%2Fv2%2Fmedia&parent=1306"}],"curies":[{"name":"wp","href":"https:\/\/api.w.org\/{rel}","templated":true}]}}