{"id":1309,"date":"2016-09-07T14:29:49","date_gmt":"2016-09-07T12:29:49","guid":{"rendered":"http:\/\/www.solvena.pl\/?page_id=1309"},"modified":"2022-09-02T16:13:33","modified_gmt":"2022-09-02T14:13:33","slug":"moduly-dodatkowe","status":"publish","type":"page","link":"https:\/\/www.solvena.pl\/?page_id=1309","title":{"rendered":"Aplikacja mobilna"},"content":{"rendered":"<p><em><strong>Aplikacja mobilna<\/strong><\/em><\/p>\n<p>Platforma EKORADAR zawiera aplikacje  dla <strong>urz\u0105dze\u0144 mobilnych<\/strong> (terminali, tablet\u00f3w etc) pracuj\u0105cych z systemem Android umo\u017cliwiaj\u0105c\u0105 odpowiednio<\/p>\n<p><strong>Firmie wywozowej<\/strong> wprowadzanie informacji o dokonanych odbiorach pojemnik\u00f3w z Punkt\u00f3w Zbi\u00f3rki na podstawie <strong>odczytu kod\u00f3w kreskowych lub tag\u00f3w RFID<\/strong>. Dodatkowo umo\u017cliwia lokalizowanie PZ na mapie i przekazywanie informacji np. o nieprawid\u0142owej segregacji.<br \/>\n<strong>Urz\u0119dnikowi lub stra\u017cnikowi miejskiemu<\/strong> wprowadzanie bie\u017c\u0105c\u0105 informacje o PZ i wprowadzanie danych np. z kontroli <strong>dane do protoko\u0142u kontroli, zdj\u0119cia itp.<\/strong>.<br \/>\n<strong>Mieszka\u0144cowi<\/strong> dost\u0119p do bie\u017c\u0105cej informacje o PZ, zrealizowanych odbiorach i harmonogramie. Za pomoc\u0105 aplikacji mo\u017cna dokumentowa\u0107 i zg\u0142asza\u0107 np. dzikie wysypiska czy inne nieprawid\u0142owo\u015bci.<br \/>\n<strong>dane do protoko\u0142u kontroli, zdj\u0119cia itp.<\/strong>.<\/p>\n<p>Informacje gromadzone w powy\u017cszy spos\u00f3b s\u0105 dost\u0119pne dla u\u017cytkownik\u00f3w Aplikacji Zarz\u0105dzaj\u0105cej wraz ze wskazaniem <strong>kodu pojemnika, ilo\u015bci, lokalizacji (GPS), czasu i zgodno\u015bci zbi\u00f3rki z deklarowan\u0105.<\/strong><\/p>\n","protected":false},"excerpt":{"rendered":"<p>Aplikacja mobilna Platforma EKORADAR zawiera aplikacje dla urz\u0105dze\u0144 mobilnych (terminali, tablet\u00f3w etc) pracuj\u0105cych z systemem Android umo\u017cliwiaj\u0105c\u0105 odpowiednio Firmie wywozowej wprowadzanie informacji o dokonanych odbiorach pojemnik\u00f3w z Punkt\u00f3w Zbi\u00f3rki na podstawie odczytu kod\u00f3w kreskowych lub tag\u00f3w RFID. Dodatkowo umo\u017cliwia lokalizowanie PZ na mapie i przekazywanie informacji np. o nieprawid\u0142owej segregacji. Urz\u0119dnikowi lub stra\u017cnikowi miejskiemu wprowadzanie&hellip; <br \/> <a class=\"read-more\" href=\"https:\/\/www.solvena.pl\/?page_id=1309\">Dowiedz si\u0119 wi\u0119cej<\/a><\/p>\n","protected":false},"author":1,"featured_media":0,"parent":1107,"menu_order":0,"comment_status":"closed","ping_status":"closed","template":"","meta":{"_mi_skip_tracking":false},"_links":{"self":[{"href":"https:\/\/www.solvena.pl\/index.php?rest_route=\/wp\/v2\/pages\/1309"}],"collection":[{"href":"https:\/\/www.solvena.pl\/index.php?rest_route=\/wp\/v2\/pages"}],"about":[{"href":"https:\/\/www.solvena.pl\/index.php?rest_route=\/wp\/v2\/types\/page"}],"author":[{"embeddable":true,"href":"https:\/\/www.solvena.pl\/index.php?rest_route=\/wp\/v2\/users\/1"}],"replies":[{"embeddable":true,"href":"https:\/\/www.solvena.pl\/index.php?rest_route=%2Fwp%2Fv2%2Fcomments&post=1309"}],"version-history":[{"count":9,"href":"https:\/\/www.solvena.pl\/index.php?rest_route=\/wp\/v2\/pages\/1309\/revisions"}],"predecessor-version":[{"id":1480,"href":"https:\/\/www.solvena.pl\/index.php?rest_route=\/wp\/v2\/pages\/1309\/revisions\/1480"}],"up":[{"embeddable":true,"href":"https:\/\/www.solvena.pl\/index.php?rest_route=\/wp\/v2\/pages\/1107"}],"wp:attachment":[{"href":"https:\/\/www.solvena.pl\/index.php?rest_route=%2Fwp%2Fv2%2Fmedia&parent=1309"}],"curies":[{"name":"wp","href":"https:\/\/api.w.org\/{rel}","templated":true}]}}