{"id":1314,"date":"2016-09-07T14:32:49","date_gmt":"2016-09-07T12:32:49","guid":{"rendered":"http:\/\/www.solvena.pl\/?page_id=1314"},"modified":"2021-03-25T12:17:16","modified_gmt":"2021-03-25T11:17:16","slug":"profile-dla-uzytkownikow","status":"publish","type":"page","link":"https:\/\/www.solvena.pl\/?page_id=1314","title":{"rendered":"Profile u\u017cytkownik\u00f3w"},"content":{"rendered":"<p><strong><em>Platforma EKORADAR zawiera profile dla r\u00f3\u017cnych kategorii u\u017cytkownik\u00f3w. S\u0105 one wykorzystywane zar\u00f3wno przy korzystaniu przez stron\u0119 www jak aplikacji mobilnej:<\/em><\/strong><\/p>\n<p><strong>Gmin lub Zwi\u0105zk\u00f3w Mi\u0119dzygminnego<\/strong> zawiera informacje dotycz\u0105ce Punktu Zbi\u00f3rki, czyli dane z deklaracji oraz zrealizowane odbiory wraz z histori\u0105 wprowadzanych zmian. W historii zmian widoczna jest data wprowadzenia zmiany, ilo\u015b\u0107 os\u00f3b zamieszkuj\u0105cych nieruchomo\u015b\u0107\/wielko\u015b\u0107, ilo\u015b\u0107 pojemnik\u00f3w i cz\u0119stotliwo\u015b\u0107 ich odbioru, dat\u0119 wej\u015bcia zmian w \u017cycie. Ponadto dost\u0119p do RDR i zarz\u0105dzanie<\/p>\n<p><strong>Firmy Wywozowej<\/strong> umo\u017cliwia dost\u0119p do informacje dotycz\u0105cych Punktu Zbi\u00f3rki jak:<br \/>\nadres nieruchomo\u015bci, wsp\u00f3\u0142rz\u0119dne na mapie, nazw\u0119 klienta, typ nieruchomo\u015bci, rodzaj zbi\u00f3rki a tak\u017ce zadeklarowane pojemniki i cz\u0119stotliwo\u015b\u0107 odbioru. Dodatkowo informacja o reklamacjach czy stwierdzonych nieprawid\u0142owo\u015bciach zbi\u00f3rki.<\/p>\n<p><strong>Mieszka\u0144c\u00f3w<\/strong> \u2013 przez link na stronie internetowej urz\u0119du lub za pomoc\u0105 aplikacji mobilnej  mieszka\u0144cy mog\u0105 mie\u0107 dost\u0119p do<\/p>\n<p><strong>&#8211; planowany harmonogramu odbioru odpad\u00f3w (widok lub PDF)<br \/>\n&#8211; historia dokonanych odbior\u00f3w (data, czas)<br \/>\n&#8211; informacja o pojemnikach (ilo\u015b\u0107, pojemno\u015bc<br \/>\n&#8211; status reklamacji<br \/>\n&#8211; informacja o planowanych ratach op\u0142aty i dokonanych p\u0142atno\u015bciach<\/strong><\/p>\n<p>&#8211; <strong>Stra\u017cnik\u00f3w Miejskich<\/strong> zawiera informacje z przeprowadzonych kontroli na danej nieruchomo\u015bci, wraz za\u0142\u0105czonymi zdj\u0119ciami i pe\u0142n\u0105 dokumentacj\u0105.<\/p>\n","protected":false},"excerpt":{"rendered":"<p>Platforma EKORADAR zawiera profile dla r\u00f3\u017cnych kategorii u\u017cytkownik\u00f3w. S\u0105 one wykorzystywane zar\u00f3wno przy korzystaniu przez stron\u0119 www jak aplikacji mobilnej: Gmin lub Zwi\u0105zk\u00f3w Mi\u0119dzygminnego zawiera informacje dotycz\u0105ce Punktu Zbi\u00f3rki, czyli dane z deklaracji oraz zrealizowane odbiory wraz z histori\u0105 wprowadzanych zmian. W historii zmian widoczna jest data wprowadzenia zmiany, ilo\u015b\u0107 os\u00f3b zamieszkuj\u0105cych nieruchomo\u015b\u0107\/wielko\u015b\u0107, ilo\u015b\u0107 pojemnik\u00f3w&hellip; <br \/> <a class=\"read-more\" href=\"https:\/\/www.solvena.pl\/?page_id=1314\">Dowiedz si\u0119 wi\u0119cej<\/a><\/p>\n","protected":false},"author":1,"featured_media":0,"parent":1107,"menu_order":0,"comment_status":"closed","ping_status":"closed","template":"","meta":{"_mi_skip_tracking":false},"_links":{"self":[{"href":"https:\/\/www.solvena.pl\/index.php?rest_route=\/wp\/v2\/pages\/1314"}],"collection":[{"href":"https:\/\/www.solvena.pl\/index.php?rest_route=\/wp\/v2\/pages"}],"about":[{"href":"https:\/\/www.solvena.pl\/index.php?rest_route=\/wp\/v2\/types\/page"}],"author":[{"embeddable":true,"href":"https:\/\/www.solvena.pl\/index.php?rest_route=\/wp\/v2\/users\/1"}],"replies":[{"embeddable":true,"href":"https:\/\/www.solvena.pl\/index.php?rest_route=%2Fwp%2Fv2%2Fcomments&post=1314"}],"version-history":[{"count":6,"href":"https:\/\/www.solvena.pl\/index.php?rest_route=\/wp\/v2\/pages\/1314\/revisions"}],"predecessor-version":[{"id":1389,"href":"https:\/\/www.solvena.pl\/index.php?rest_route=\/wp\/v2\/pages\/1314\/revisions\/1389"}],"up":[{"embeddable":true,"href":"https:\/\/www.solvena.pl\/index.php?rest_route=\/wp\/v2\/pages\/1107"}],"wp:attachment":[{"href":"https:\/\/www.solvena.pl\/index.php?rest_route=%2Fwp%2Fv2%2Fmedia&parent=1314"}],"curies":[{"name":"wp","href":"https:\/\/api.w.org\/{rel}","templated":true}]}}