{"id":1395,"date":"2021-03-25T12:37:54","date_gmt":"2021-03-25T11:37:54","guid":{"rendered":"http:\/\/www.solvena.pl\/?page_id=1395"},"modified":"2025-02-05T15:32:42","modified_gmt":"2025-02-05T14:32:42","slug":"mesmerize","status":"publish","type":"page","link":"https:\/\/www.solvena.pl\/","title":{"rendered":"Front Page"},"content":{"rendered":"<div  id=\"overlappable-4\" style=\"background-color: #ffffff;\" data-label=\"Overlappable\" data-id=\"overlappable-4\" data-export-id=\"overlappable-4\" data-category=\"overlappable\" class=\"overlappable-4 content-section content-section-spacing\" data-overlap=\"true\"><div  class=\"gridContainer\"> <div  data-type=\"row\" class=\"row spaced-cols text-center\"> <div  class=\"col-xs-12 col-sm-4 col-padding\"> <i  class=\"fa icon shadow-large-black aligncenter color1 fa-laptop reverse round large\"><\/i> <div  data-type=\"column\" class=\"\"><h5  class=\"\">OPROGRAMOWANIE<\/h5> <p  class=\"\">Bie\u017c\u0105ce zarz\u0105dzanie punktami zbi\u00f3rki i monitorowanie firm odbieraj\u0105cych odpady. Identryfikacja pojemnik\u00f3w i rozwi\u0105zania mobilne do skutecznej kontroli mieszka\u0144c\u00f3w <\/p><\/div> <\/div> <div  class=\"col-xs-12 col-sm-4 col-padding\"> <i  class=\"fa icon shadow-large-black aligncenter color1 fa-envira reverse round large\"><\/i> <div  data-type=\"column\" class=\"\"><h5  class=\"\">IDENTYFIKACJA POJEMNIK\u00d3W<\/h5> <p  class=\"\">Nasze rozwi\u0105zania dostarczamy klientom w \u201echmurze\u201d co oznacza, \u017ce nie maj\u0105 Pa\u0144stwo nieograniczony dost\u0119p do us\u0142ug z pe\u0142nym wsparciem technicznym.<\/p><\/div> <\/div><div  class=\"col-xs-12 col-sm-4 col-padding\"> <i  class=\"fa icon shadow-large-black aligncenter color1 fa-cogs reverse round large\"><\/i> <div  data-type=\"column\" class=\"\"><h5  class=\"\">US\u0141UGI DORADCZE<\/h5> <p  class=\"\">Wieloletnie do\u015bwiadczenie w zakresie wdra\u017cania system\u00f3w gospodarki odpadami pozwala nam analizowa\u0107 zasob\u00f3w posiadanych przez klienta <\/p><\/div> <\/div><\/div> <\/div><\/div><div  data-label=\"Oferta\" data-id=\"portfolio--1\" data-export-id=\"portfolio-5\" data-category=\"portfolio\" class=\"portfolio-5 content-section content-section-spacing\" id=\"oferta\" style=\"background-color: rgb(245, 250, 253);\"><div  class=\"\"> <div  class=\"row text-center\"><div  class=\"section-title-col\" data-type=\"column\"> <h2  class=\"\">OFERTA<\/h2> <p  class=\"lead\">Nasze rozwi\u0105zania skierowane s\u0105 do r\u00f3\u017cnych podmiot\u00f3w uczestnicz\u0105cych w procesie gospodarowania odpadami realizuj\u0105c ich potrzeby informacyjne i umo\u017cliwiaj\u0105c komunikacj\u0119 mi\u0119dzy nimi. <\/p><\/div> <\/div> <div  class=\"row space-bottom spaced-cols\" data-type=\"row\"> <div  class=\"col-xs-12 col-sm-4 text-center\"> <div  class=\"card no-padding bordered\"> <div  data-hover-fx=\"portfolio-6\" class=\"contentswap-effect\"> <div  class=\"initial-image\"> <img  data-size=\"500x333\" src=\"http:\/\/www.solvena.pl\/wp-content\/uploads\/2022\/09\/cropped-cropped-Ekologia_wstep_Depositphotos_7823644_s.jpg\"><\/div> <div  class=\"overlay bg-color6\"><\/div> <div  class=\"swap-inner col-xs-12\"> <div  class=\"row full-height-row middle-xs middle-sm\"> <div  class=\"col-xs-12 text-center content-holder\"> <a class=\"button small color2\" href=\"#\" target=\"_self\" data-cp-link=\"1\" rel=\"noopener\">OPROGRAMOWANIE DLA GMIN I ZWI\u0104ZK\u00d3W MI\u0118DZYGMINNYCH<\/a><\/div> <\/div><\/div> <\/div> <div  class=\"col-xs-12\"> <div  class=\"space-bottom space-top\" data-type=\"column\"> <img  class=\"custom-image\" src=\"http:\/\/www.solvena.pl\/wp-content\/uploads\/2023\/01\/Logo-Platforma-Ekoradar-czerwone.png\" title=\"Logo Platforma Ekoradar czerwone\" alt=\"\"><h5  class=\"\">PLATFORMA EKORADAR<\/h5> <p  class=\"small italic\">Zarz\u0105dzanie i kontrola procesu odbioru odpad\u00f3w dzi\u0119ki identyfikacji pojemnik\u00f3w i MGO<\/p><\/div> <\/div><\/div> <\/div> <div  class=\"col-xs-12 col-sm-4 text-center\"> <div  class=\"card no-padding bordered\"> <div  data-hover-fx=\"portfolio-6\" class=\"contentswap-effect\"> <div  class=\"initial-image\"> <img  data-size=\"500x333\" src=\"http:\/\/www.solvena.pl\/wp-content\/uploads\/2022\/09\/cropped-cropped-Ekologia_wstep_Depositphotos_7823644_s.jpg\"><\/div> <div  class=\"overlay bg-color6\"><\/div> <div  class=\"swap-inner col-xs-12\"> <div  class=\"row full-height-row middle-xs middle-sm\"> <div  class=\"col-xs-12 text-center content-holder\"> <a class=\"button small color2\" href=\"#\" target=\"_self\" data-cp-link=\"1\" rel=\"noopener\">OPROGRAMOWANIE DLA ZAK\u0141AD\u00d3W GOSPODAROWANIA ODPADAMI<\/a><\/div> <\/div><\/div> <\/div> <div  class=\"col-xs-12\"> <div  class=\"space-bottom space-top\" data-type=\"column\"> <img  class=\"custom-image\" src=\"http:\/\/www.solvena.pl\/wp-content\/uploads\/2023\/01\/cropped-cropped-cropped-horizontal_on_white_by_logaster-new.png\" title=\"cropped-cropped-cropped-horizontal_on_white_by_logaster-new.png\" alt=\"\"><h5  class=\"\">\n<br >PLATFORMA EKOPROCES<\/h5> <p  class=\"small italic\">Zarz\u0105dzanie przyjeciami i wydaniami odpad\u00f3w zintegrowane dla firm odbieraj\u0105cych odpady oraz ZGO.<\/p><\/div> <\/div><\/div> <\/div> <div  class=\"col-xs-12 col-sm-4 text-center\"> <div  class=\"card no-padding bordered\"> <div  data-hover-fx=\"portfolio-6\" class=\"contentswap-effect\"> <div  class=\"initial-image\"> <img  data-size=\"500x333\" src=\"http:\/\/www.solvena.pl\/wp-content\/uploads\/2022\/09\/cropped-cropped-Ekologia_wstep_Depositphotos_7823644_s.jpg\"><\/div> <div  class=\"overlay bg-color6\"><\/div> <div  class=\"swap-inner col-xs-12\"> <div  class=\"row full-height-row middle-xs middle-sm\"> <div  class=\"col-xs-12 text-center content-holder\"> <a class=\"button small color2\" href=\"#\" target=\"_self\" data-cp-link=\"1\" rel=\"noopener\">OPROGRAMOWANIE DEDYKOWANE<\/a><\/div> <\/div><\/div> <\/div> <div  class=\"col-xs-12\"> <div  class=\"space-bottom space-top\" data-type=\"column\"> <img  class=\"custom-image\" src=\"http:\/\/www.solvena.pl\/wp-content\/uploads\/2023\/04\/cropped-agile-e1682503666828.png\" title=\"agile\" alt=\"\"><h5  class=\"\">ROZWI\u0104ZANIA DEDYKOWANE<\/h5> <p  class=\"small italic\">Odpowiadaj\u0105c na niestandartowe potrzeby&nbsp; Klient\u00f3w tworzymy skrojeone na miar\u0119 oprogramowanie web i mobilne.<\/p><\/div> <\/div><\/div> <\/div><\/div> <div  class=\"row\"><div  data-type=\"column\" class=\"col-xs-12 text-center\"> <a  class=\"button color2 y-move\" href=\"#\">View Portfolio<\/a><\/div> <\/div><\/div> <\/div><div  data-label=\"Aktualnoci\" data-id=\"latest_news--1\" data-export-id=\"blog-section\" data-category=\"latest_news\" class=\"blog-section blog-section-standard content-section content-section-spacing\" id=\"aktualnoci\" style=\"background-color: rgb(255, 255, 255); background-image: none;\"><div  class=\"\"> <div  class=\"row\"><div  data-type=\"column\" class=\"section-title-col\"> <h2  class=\"\">Aktualno\u015bci<\/h2> <\/div> <\/div> <div  class=\"row\"> <div  data-type=\"row\" data-dynamic-columns=\"handled\" data-content-shortcode=\"mesmerize_latest_news\">\t\t<div class=\"row center-sm content-left-sm\">\n\t\t\t\t\t<div id=\"post-1391\" class=\"col-sm-6 col-md-4 space-bottom space-bottom-xs\">\n\t\t\t\t<div class=\"post-content card y-move bordered\">\n\t\t\t\t\t<div class=\"post-thumbnail\">\n   <a href=\"https:\/\/www.solvena.pl\/?p=1391\" class=\"post-list-item-thumb \">\n      <img width=\"512\" height=\"128\" src=\"https:\/\/www.solvena.pl\/wp-content\/uploads\/2021\/03\/Biorecykling-logo.png\" class=\"attachment-post-thumbnail size-post-thumbnail wp-post-image\" alt=\"\" loading=\"lazy\" srcset=\"https:\/\/www.solvena.pl\/wp-content\/uploads\/2021\/03\/Biorecykling-logo.png 512w, https:\/\/www.solvena.pl\/wp-content\/uploads\/2021\/03\/Biorecykling-logo-300x75.png 300w\" sizes=\"(max-width: 512px) 100vw, 512px\" \/>   <\/a>\n<\/div>\n\t\t\t\t\t<div class=\"col-padding col-padding-xs\">\n\t\t\t\t\t\t<h3 class=\"post-title space-bottom-small\">\n\t\t\t\t\t\t\t<a href=\"https:\/\/www.solvena.pl\/?p=1391\" rel=\"bookmark\">\n\t\t\t\t\t\t\t\tSzkolenia &#8222;Selektywna zbi\u00f3rka bioodpad\u00f3w&#8221;\t\t\t\t\t\t\t<\/a>\n\t\t\t\t\t\t<\/h3>\n\t\t\t\t\t\t<p>Stowarzyszenie na rzecz recyklingu bioodpad\u00f3w Biorecykling zapraszaj\u0105 na szkolenia warsztatowe Selektywna zbi\u00f3rka bioodpad\u00f3w. Kolejne szkolenia online b\u0119d\u0105 odbywa\u0107 si\u0119 w marcu i kwietniu 2021r. Dost\u0119pne terminy i rejestracja uczestnik\u00f3w https:\/\/szkoleniabioodpady.abrys.pl\/[&hellip;]<\/p>\n\t\t\t\t\t\t<a class=\"read-more link\" href=\"https:\/\/www.solvena.pl\/?p=1391\">\n\t\t\t\t\t\t\tRead more\t\t\t\t\t\t<\/a>\n\t\t\t\t\t<\/div>\n\t\t\t\t<\/div>\n\t\t\t<\/div>\n\t\t\t\t\t\t<div id=\"post-1344\" class=\"col-sm-6 col-md-4 space-bottom space-bottom-xs\">\n\t\t\t\t<div class=\"post-content card y-move bordered\">\n\t\t\t\t\t<div class=\"post-thumbnail\">\n   <a href=\"https:\/\/www.solvena.pl\/?p=1344\" class=\"post-list-item-thumb \">\n      \n            <svg class=\"mesmerize-post-list-item-thumb-placeholder\" width=\"890\" height=\"580\" viewBox=\"0 0 890 580\"\n         preserveAspectRatio=\"none\">\n         <rect width=\"890\" height=\"580\" style=\"fill:#1AD826;\"><\/rect>\n      <\/svg>\n               <\/a>\n<\/div>\n\t\t\t\t\t<div class=\"col-padding col-padding-xs\">\n\t\t\t\t\t\t<h3 class=\"post-title space-bottom-small\">\n\t\t\t\t\t\t\t<a href=\"https:\/\/www.solvena.pl\/?p=1344\" rel=\"bookmark\">\n\t\t\t\t\t\t\t\tWarsztaty BIORECYKLING dla gmin w Mazowieckim Urz\u0119dzie Marsza\u0142kowskim\t\t\t\t\t\t\t<\/a>\n\t\t\t\t\t\t<\/h3>\n\t\t\t\t\t\t<p>26.11.2018 wraz innymi Partnerami Stowarzyszenia BIORECYKLING uczestniczyli\u015bmy w warsztatach przeznaczonych dla pracownik\u00f3w gmin zajmuj\u0105cych si\u0119 gospodark\u0105 odpadami. Cho\u0107 spotkanie po\u015bwi\u0119cone by\u0142o w szczeg\u00f3lno\u015bci zagadnieniom organizacji efektywnej zbi\u00f3rki bioodpad\u00f3w oraz ich[&hellip;]<\/p>\n\t\t\t\t\t\t<a class=\"read-more link\" href=\"https:\/\/www.solvena.pl\/?p=1344\">\n\t\t\t\t\t\t\tRead more\t\t\t\t\t\t<\/a>\n\t\t\t\t\t<\/div>\n\t\t\t\t<\/div>\n\t\t\t<\/div>\n\t\t\t\t\t\t<div id=\"post-1342\" class=\"col-sm-6 col-md-4 space-bottom space-bottom-xs\">\n\t\t\t\t<div class=\"post-content card y-move bordered\">\n\t\t\t\t\t<div class=\"post-thumbnail\">\n   <a href=\"https:\/\/www.solvena.pl\/?p=1342\" class=\"post-list-item-thumb \">\n      \n            <svg class=\"mesmerize-post-list-item-thumb-placeholder\" width=\"890\" height=\"580\" viewBox=\"0 0 890 580\"\n         preserveAspectRatio=\"none\">\n         <rect width=\"890\" height=\"580\" style=\"fill:#1AD826;\"><\/rect>\n      <\/svg>\n               <\/a>\n<\/div>\n\t\t\t\t\t<div class=\"col-padding col-padding-xs\">\n\t\t\t\t\t\t<h3 class=\"post-title space-bottom-small\">\n\t\t\t\t\t\t\t<a href=\"https:\/\/www.solvena.pl\/?p=1342\" rel=\"bookmark\">\n\t\t\t\t\t\t\t\tNowa funkcjonalno\u015b\u0107 EKORADAR &#8211; modu\u0142 nieruchomo\u015bci\t\t\t\t\t\t\t<\/a>\n\t\t\t\t\t\t<\/h3>\n\t\t\t\t\t\t<p>W najnowszej wersji Platformy EKORADAR przygotowali\u015bmy dla Pa\u0144stwa rozbudowany modu\u0142 nieruchomo\u015bci w ramach kt\u00f3rego mo\u017cna zweryfikowa\u0107 np. nieruchomo\u015bci bez z\u0142o\u017conej deklaracji, ilo\u015b\u0107 os\u00f3b zamieszkuj\u0105cych, posiadanie zbiornika bezodp\u0142ywowego czy wytypowa\u0107 lokale[&hellip;]<\/p>\n\t\t\t\t\t\t<a class=\"read-more link\" href=\"https:\/\/www.solvena.pl\/?p=1342\">\n\t\t\t\t\t\t\tRead more\t\t\t\t\t\t<\/a>\n\t\t\t\t\t<\/div>\n\t\t\t\t<\/div>\n\t\t\t<\/div>\n\t\t\t\t<\/div>\n\t<\/div><\/div> <div  class=\"row\"><div  class=\"text-center\"> <a  class=\"button color1\" data-attr-shortcode=\"href:mesmerize_blog_link\" href=\"https:\/\/www.solvena.pl\/?page_id=1396\">SEE ALL BLOG POSTS<\/a><\/div> <\/div><\/div><\/div><div  id=\"about-1\" style=\"background-color: #f5fafd;\" data-label=\"About\" data-id=\"about-1\" data-export-id=\"about-1\" data-category=\"about\" class=\"about-1 content-section\"><div  class=\"gridContainer\"> <div  class=\"row text-center\"><div  class=\"section-title-col\" data-type=\"column\"> <h5  class=\"\">ZWROT Z INWESTYCJI W PLATFORM\u0118<\/h5> <h2  class=\"\"><\/h2> <p  class=\"lead\">Lorem ipsum dolor sit amet, consectetur adipisicing elit, sed do eiusmod tempor incididunt ut labore et dolore magna aliqua. Ut enim ad minim veniam, quis nostrud.<\/p><a  class=\"link\" href=\"#\">new link<\/a><\/div> <\/div> <div  class=\"row\"> <div  class=\"button-holder space-bottom space-bottom-small\" data-type=\"column\"> <a  class=\"button color1\" href=\"#\">GET STARTED NOW<\/a><\/div> <div  class=\"col-xs bottom-xs flexbox image-group-bottom-3-img space-bottom-xs center-xs\"> <img  class=\"left-img shadow-large-black\" data-size=\"500x300\" src=\"http:\/\/www.solvena.pl\/wp-content\/plugins\/mesmerize-companion\/theme-data\/mesmerize\/sections\/images\/computer-2569652.jpg\"> <img  class=\"center-img shadow-large-black\" data-size=\"500x300\" src=\"http:\/\/www.solvena.pl\/wp-content\/plugins\/mesmerize-companion\/theme-data\/mesmerize\/sections\/images\/apple-1838564.jpg\"> <img  class=\"right-img shadow-large-black\" data-size=\"500x300\" src=\"http:\/\/www.solvena.pl\/wp-content\/plugins\/mesmerize-companion\/theme-data\/mesmerize\/sections\/images\/laptop-2559795.jpg\"><\/div> <\/div><\/div> <\/div><div  id=\"features-3\" style=\"background-color: #ffffff;\" data-label=\"Features\" data-id=\"features-12-card-bordered\" data-export-id=\"features-12-card-bordered\" data-category=\"features\" class=\"features-12-card-bordered content-section content-section-spacing \"><div  class=\"gridContainer\"> <div  class=\"row text-center\"><div  class=\"section-title-col\" data-type=\"column\"> <h2  class=\"\">DLACZEGO MY?<\/h2> <p  class=\"lead\">Od 10 lat zajmujemy si\u0119 tworzeniem oprogramowania dla Gmin, Zwi\u0105zk\u00f3w Mi\u0119dzygminnych oraz firm zajmuj\u0105cych si\u0119 odbiorem i przetwarzaniem odpad\u00f3w. Do\u015bwiadczenie zdobyte dzieki wsp\u00f3\u0142pracy z Klientami oraz bogata funkcjonalno\u015b\u0107 oprogramowania pozwalaj\u0105 nam sprawnie wdra\u017ca\u0107 i rozwija\u0107 nasze rozwi\u0105zania. <\/p><\/div> <\/div> <div  class=\"row spaced-cols\" data-type=\"row\"> <div  class=\"col-sm-6\"> <div  class=\"card row-card bordered y-move\"> <div  class=\"row\"> <div  class=\"col-sm-fit icon-column\"> <i  class=\"fa icon fa-connectdevelop round bordered color2\"><\/i> <\/div> <div  class=\"col-sm\" data-type=\"column\"> <h5  class=\"color2\">FELASTYCZNA PLATFORMA<\/h5> <p  class=\"\">Lorem ipsum dolor sit amet, consectetur adipiscing elit, sed do eiusmod tempor incididunt ut labore et dolore magna aliqua. Ut enim ad minim veniam, quis nostrud exercitation.<\/p><\/div> <\/div><\/div> <\/div> <div  class=\"col-sm-6\"> <div  class=\"card row-card bordered y-move\"> <div  class=\"row\"> <div  class=\"col-sm-fit icon-column\"> <i  class=\"fa icon fa-codepen round bordered color2\"><\/i> <\/div> <div  class=\"col-sm\" data-type=\"column\"> <h5  class=\"color2\">FLEXIBLE CODE<\/h5> <p  class=\"\">Lorem ipsum dolor sit amet, consectetur adipiscing elit, sed do eiusmod tempor incididunt ut labore et dolore magna aliqua. Ut enim ad minim veniam, quis nostrud exercitation.<\/p><\/div> <\/div><\/div> <\/div> <div  class=\"col-sm-6\"> <div  class=\"card row-card bordered y-move\"> <div  class=\"row\"> <div  class=\"col-sm-fit icon-column\"> <i  class=\"fa icon fa-cube round bordered color2\"><\/i> <\/div> <div  class=\"col-sm\" data-type=\"column\"> <h5  class=\"color2\">FLEXIBLE CODE<\/h5> <p  class=\"\">Lorem ipsum dolor sit amet, consectetur adipiscing elit, sed do eiusmod tempor incididunt ut labore et dolore magna aliqua. Ut enim ad minim veniam, quis nostrud exercitation.<\/p><\/div> <\/div><\/div> <\/div> <div  class=\"col-sm-6\"> <div  class=\"card row-card bordered y-move\"> <div  class=\"row\"> <div  class=\"col-sm-fit icon-column\"> <i  class=\"fa icon fa-database round bordered color2\"><\/i> <\/div> <div  class=\"col-sm\" data-type=\"column\"> <h5  class=\"color2\">FLEXIBLE CODE<\/h5> <p  class=\"\">Lorem ipsum dolor sit amet, consectetur adipiscing elit, sed do eiusmod tempor incididunt ut labore et dolore magna aliqua. Ut enim ad minim veniam, quis nostrud exercitation.<\/p><\/div> <\/div><\/div> <\/div><\/div> <\/div><\/div><div  id=\"contact-1\" data-label=\"Contact\" data-id=\"contact-1\" data-export-id=\"contact-1\" data-category=\"contact\" class=\"contact-1 content-section content-section-spacing white-text\" data-parallax-depth=\"20\" style=\"background-image: url(&quot;http:\/\/www.solvena.pl\/wp-content\/uploads\/2022\/09\/Ekologia_wstep_Depositphotos_7823644_s.jpg&quot;); background-size: cover; background-position: center top;\"><div  class=\"gridContainer\"> <div  class=\"row text-center\"><div  class=\"section-title-col\" data-type=\"column\"> <h2  class=\"\">NAPISZ DO NAS<\/h2> <\/div> <\/div> <div  class=\"row text-center\"> <div  class=\"col-xs-12 col-sm-8 col-sm-offset-2 contact-form-wrapper inline-info\"> <div  class=\"card large-padding\"> <div  class=\"\" data-content-shortcode=\"mesmerize_contact_form shortcode=&quot;wpforms id=&amp;amp;quot;1452&amp;amp;quot;&quot;\" data-editable=\"true\"><div class=\"wpforms-container wpforms-container-full\" id=\"wpforms-1452\"><form id=\"wpforms-form-1452\" class=\"wpforms-validate wpforms-form wpforms-ajax-form\" data-formid=\"1452\" method=\"post\" enctype=\"multipart\/form-data\" action=\"\/index.php?rest_route=%2Fwp%2Fv2%2Fpages%2F1395\" data-token=\"238edd39e5a8e6d941cdc034c173278b\"><noscript class=\"wpforms-error-noscript\">Aby wype\u0142ni\u0107 ten formularz, w\u0142\u0105cz obs\u0142ug\u0119 JavaScript w przegl\u0105darce.<\/noscript><div class=\"wpforms-field-container\"><div id=\"wpforms-1452-field_0-container\" class=\"wpforms-field wpforms-field-name\" data-field-id=\"0\"><label class=\"wpforms-field-label\" for=\"wpforms-1452-field_0\">Imi\u0119 i nazwisko <span class=\"wpforms-required-label\">*<\/span><\/label><input type=\"text\" id=\"wpforms-1452-field_0\" class=\"wpforms-field-medium wpforms-field-required\" name=\"wpforms[fields][0]\" required><\/div><div id=\"wpforms-1452-field_1-container\" class=\"wpforms-field wpforms-field-email\" data-field-id=\"1\"><label class=\"wpforms-field-label\" for=\"wpforms-1452-field_1\">Email <span class=\"wpforms-required-label\">*<\/span><\/label><input type=\"email\" id=\"wpforms-1452-field_1\" class=\"wpforms-field-medium wpforms-field-required\" name=\"wpforms[fields][1]\" spellcheck=\"false\" required><\/div><div id=\"wpforms-1452-field_2-container\" class=\"wpforms-field wpforms-field-textarea\" data-field-id=\"2\"><label class=\"wpforms-field-label\" for=\"wpforms-1452-field_2\">Wiadomo\u015b\u0107<\/label><textarea id=\"wpforms-1452-field_2\" class=\"wpforms-field-medium\" name=\"wpforms[fields][2]\" ><\/textarea><\/div><\/div><!-- .wpforms-field-container --><div class=\"wpforms-submit-container\" ><input type=\"hidden\" name=\"wpforms[id]\" value=\"1452\"><input type=\"hidden\" name=\"wpforms[author]\" value=\"1\"><button type=\"submit\" name=\"wpforms[submit]\" id=\"wpforms-submit-1452\" class=\"wpforms-submit\" data-alt-text=\"Wysy\u0142anie...\" data-submit-text=\"Wy\u015blij\" aria-live=\"assertive\" value=\"wpforms-submit\">Wy\u015blij<\/button><img src=\"https:\/\/www.solvena.pl\/wp-content\/plugins\/wpforms-lite\/assets\/images\/submit-spin.svg\" class=\"wpforms-submit-spinner\" style=\"display: none;\" width=\"26\" height=\"26\" alt=\"Wczytywanie\"><\/div><\/form><\/div>  <!-- .wpforms-container --><\/div><\/div> <\/div><\/div> <\/div><\/div>","protected":false},"excerpt":{"rendered":"<p>OPROGRAMOWANIE Bie\u017c\u0105ce zarz\u0105dzanie punktami zbi\u00f3rki i monitorowanie firm odbieraj\u0105cych odpady. Identryfikacja pojemnik\u00f3w i rozwi\u0105zania mobilne do skutecznej kontroli mieszka\u0144c\u00f3w IDENTYFIKACJA POJEMNIK\u00d3W Nasze rozwi\u0105zania dostarczamy klientom w \u201echmurze\u201d co oznacza, \u017ce nie maj\u0105 Pa\u0144stwo nieograniczony dost\u0119p do us\u0142ug z pe\u0142nym wsparciem technicznym. US\u0141UGI DORADCZE Wieloletnie do\u015bwiadczenie w zakresie wdra\u017cania system\u00f3w gospodarki odpadami pozwala nam analizowa\u0107 zasob\u00f3w&hellip; <br \/> <a class=\"read-more\" href=\"https:\/\/www.solvena.pl\/?p=1342\">Dowiedz si\u0119 wi\u0119cej<\/a><\/p>\n","protected":false},"author":1,"featured_media":0,"parent":0,"menu_order":0,"comment_status":"closed","ping_status":"closed","template":"page-templates\/homepage.php","meta":{"_mi_skip_tracking":false},"_links":{"self":[{"href":"https:\/\/www.solvena.pl\/index.php?rest_route=\/wp\/v2\/pages\/1395"}],"collection":[{"href":"https:\/\/www.solvena.pl\/index.php?rest_route=\/wp\/v2\/pages"}],"about":[{"href":"https:\/\/www.solvena.pl\/index.php?rest_route=\/wp\/v2\/types\/page"}],"author":[{"embeddable":true,"href":"https:\/\/www.solvena.pl\/index.php?rest_route=\/wp\/v2\/users\/1"}],"replies":[{"embeddable":true,"href":"https:\/\/www.solvena.pl\/index.php?rest_route=%2Fwp%2Fv2%2Fcomments&post=1395"}],"version-history":[{"count":22,"href":"https:\/\/www.solvena.pl\/index.php?rest_route=\/wp\/v2\/pages\/1395\/revisions"}],"predecessor-version":[{"id":1535,"href":"https:\/\/www.solvena.pl\/index.php?rest_route=\/wp\/v2\/pages\/1395\/revisions\/1535"}],"wp:attachment":[{"href":"https:\/\/www.solvena.pl\/index.php?rest_route=%2Fwp%2Fv2%2Fmedia&parent=1395"}],"curies":[{"name":"wp","href":"https:\/\/api.w.org\/{rel}","templated":true}]}}