{"id":40,"date":"2009-02-23T19:45:57","date_gmt":"2009-02-23T18:45:57","guid":{"rendered":"http:\/\/marhoff.tivi.net.pl\/marhoff\/?page_id=40"},"modified":"2009-09-18T14:33:46","modified_gmt":"2009-09-18T13:33:46","slug":"referencje","status":"publish","type":"page","link":"https:\/\/www.solvena.pl\/?page_id=40","title":{"rendered":"Referencje od naszych Klient\u00f3w"},"content":{"rendered":"<p><!-- Baker Tilly --><br \/>\n<a href=\"http:\/\/www.bakertillysmoczynski.eu\" target=\"blank\"><img class=\"alignleft size-full wp-image-333\" title=\"Baker Tilly\" src=\"\/wp-content\/uploads\/2009\/07\/bakertilly.jpg\" alt=\"Baker Tilly\" \/><\/a><\/p>\n<p><strong>Baker Tilly Smoczy\u0144ski i Partnerzy Sp. z o.o.<\/strong><br \/>\nKancelaria Bieg\u0142ych Rewident\u00f3w i Konsultant\u00f3w<\/p>\n<p><!-- CUSHWAKE --><br \/>\n<a href=\"http:\/\/www.cushwake.com\" target=\"blank\"><img class=\"alignleft size-full wp-image-333\" title=\"CUSHMAN &amp; WAKEFIELD\" src=\"\/wp-content\/uploads\/2009\/07\/cushwake.jpg\" alt=\"CUSHMAN &amp; WAKEFIELD\" \/><\/a><\/p>\n<p><strong>CUSHMAN &amp; WAKEFIELD<\/strong><br \/>\nUs\u0142ugi doradcze na rynku nieruchomo\u015bci<\/p>\n<p><!-- DAN-MARK --><br \/>\n<a href=\"http:\/\/www.dan-mark.pl\" target=\"blank\"><img class=\"alignleft size-full wp-image-333\" title=\"DAN-MARK\" src=\"\/wp-content\/uploads\/2009\/07\/dan-mark.jpg\" alt=\"DAN-MARK\" \/><\/a><\/p>\n<p><strong>DAN-MARK<\/strong><br \/>\nProducent artyku\u0142\u00f3w papierniczych, szkolnych i biurowych<\/p>\n<p><!-- Dexpol --><br \/>\n<a href=\"http:\/\/www.dexpol.pl\" target=\"blank\"><img class=\"alignleft size-full wp-image-333\" title=\"Dexpol\" src=\"\/wp-content\/uploads\/2009\/07\/dexpol.bmp\" alt=\"Dexpol\" \/><\/a><\/p>\n<p><strong>Dexpol<\/strong><br \/>\nGrupa kapita\u0142owa Dexpol<\/p>\n<p><!-- DOMAR --><br \/>\n<a href=\"http:\/\/www.domar.pl\" target=\"blank\"><img class=\"alignleft size-full wp-image-333\" title=\"Domar\" src=\"\/wp-content\/uploads\/2009\/07\/domar.jpg\" alt=\"Domar\" \/><\/a><\/p>\n<p><strong>Domar S.A.<\/strong><br \/>\nSprzeda\u017c i zarz\u0105dzanie nieruchomo\u015bciami, komercjalizacja obiekt\u00f3w handlowych<\/p>\n<p><!-- LCCorp --><br \/>\n<a href=\"http:\/\/www.lcc.pl\" target=\"blank\"><img class=\"alignleft size-full wp-image-333\" title=\"LCCorp\" src=\"\/wp-content\/uploads\/2009\/07\/lcc.jpg\" alt=\"LCCorp\" \/><\/a><\/p>\n<p><strong>LC Corp S.A.<\/strong><br \/>\nRealizacja projekt\u00f3w inwestycyjnych<\/p>\n<p><!-- M-Invest --><br \/>\n<a href=\"http:\/\/www.m-invest.pl\" target=\"blank\"><img class=\"alignleft size-full wp-image-333\" title=\"M-INVEST\" src=\"\/wp-content\/uploads\/2009\/07\/m-invest.jpg\" alt=\"M-INVEST\" \/><\/a><\/p>\n<p><strong>M-INVEST Polska Sp. z o. o.<\/strong><br \/>\nPrzygotowanie i realizacja projekt\u00f3w budowlanych<\/p>\n<p><!-- MOTA-ENGIL --><br \/>\n<a href=\"http:\/\/www.kopalniagorka.pl\" target=\"blank\"><img class=\"alignleft size-full wp-image-333\" title=\"MOTA-ENGIL\" src=\"\/wp-content\/uploads\/2009\/07\/mota-engil.jpg\" alt=\"MOTA-ENGIL\" \/><\/a><\/p>\n<p><strong>MOTA-ENGIL Kruszywa S. A.<\/strong><br \/>\nWydobycie oraz sprzeda\u017c kruszyw granitowych i bazaltowych<\/p>\n<p><!-- SSK --><br \/>\n<a href=\"http:\/\/www.ssk.com.pl\" target=\"blank\"><img class=\"alignleft size-full wp-image-333\" title=\"SSK\" src=\"\/wp-content\/uploads\/2009\/07\/ssk.jpg\" alt=\"SSK\" \/><\/a><\/p>\n<p><strong>Surfland Systemy Komputerowe S. A.<\/strong><br \/>\nIntegrator system\u00f3w teleinformatycznych<\/p>\n<p><!-- TBMECA --><br \/>\n<a href=\"http:\/\/www.tbmeca.pl\" target=\"blank\"><img class=\"alignleft size-full wp-image-333\" title=\"TBMECA\" src=\"\/wp-content\/uploads\/2009\/07\/tbmeca.jpg\" alt=\"TBMECA\" \/><\/a><\/p>\n<p><strong>TBMECA Poland Sp. z o. o.<\/strong><br \/>\nPrzetw\u00f3rstwo tworzyw sztucznych, produkcja filtr\u00f3w powietrza dla motoryzacji<\/p>\n<p><!-- ULTIMO --><br \/>\n<a href=\"http:\/\/www.ultimo.pl\" target=\"blank\"><img class=\"alignleft size-full wp-image-333\" title=\"ULTIMO\" src=\"\/wp-content\/uploads\/2009\/07\/ultimo.jpg\" alt=\"ULTIMO\" \/><\/a><\/p>\n<p><strong>ULTIMO Sp. z o. o.<\/strong><br \/>\nZarz\u0105dzanie wierzytelno\u015bciami<\/p>\n","protected":false},"excerpt":{"rendered":"<p>Baker Tilly Smoczy\u0144ski i Partnerzy Sp. z o.o. Kancelaria Bieg\u0142ych Rewident\u00f3w i Konsultant\u00f3w CUSHMAN &amp; WAKEFIELD Us\u0142ugi doradcze na rynku nieruchomo\u015bci DAN-MARK Producent artyku\u0142\u00f3w papierniczych, szkolnych i biurowych Dexpol Grupa kapita\u0142owa Dexpol Domar S.A. Sprzeda\u017c i zarz\u0105dzanie nieruchomo\u015bciami, komercjalizacja obiekt\u00f3w handlowych LC Corp S.A. Realizacja projekt\u00f3w inwestycyjnych M-INVEST Polska Sp. z o. o. Przygotowanie i&hellip; <br \/> <a class=\"read-more\" href=\"https:\/\/www.solvena.pl\/?page_id=40\">Dowiedz si\u0119 wi\u0119cej<\/a><\/p>\n","protected":false},"author":1,"featured_media":0,"parent":0,"menu_order":0,"comment_status":"closed","ping_status":"closed","template":"","meta":{"_mi_skip_tracking":false},"_links":{"self":[{"href":"https:\/\/www.solvena.pl\/index.php?rest_route=\/wp\/v2\/pages\/40"}],"collection":[{"href":"https:\/\/www.solvena.pl\/index.php?rest_route=\/wp\/v2\/pages"}],"about":[{"href":"https:\/\/www.solvena.pl\/index.php?rest_route=\/wp\/v2\/types\/page"}],"author":[{"embeddable":true,"href":"https:\/\/www.solvena.pl\/index.php?rest_route=\/wp\/v2\/users\/1"}],"replies":[{"embeddable":true,"href":"https:\/\/www.solvena.pl\/index.php?rest_route=%2Fwp%2Fv2%2Fcomments&post=40"}],"version-history":[{"count":90,"href":"https:\/\/www.solvena.pl\/index.php?rest_route=\/wp\/v2\/pages\/40\/revisions"}],"predecessor-version":[{"id":509,"href":"https:\/\/www.solvena.pl\/index.php?rest_route=\/wp\/v2\/pages\/40\/revisions\/509"}],"wp:attachment":[{"href":"https:\/\/www.solvena.pl\/index.php?rest_route=%2Fwp%2Fv2%2Fmedia&parent=40"}],"curies":[{"name":"wp","href":"https:\/\/api.w.org\/{rel}","templated":true}]}}