{"id":44,"date":"2009-02-23T20:16:23","date_gmt":"2009-02-23T19:16:23","guid":{"rendered":"http:\/\/marhoff.tivi.net.pl\/marhoff\/?page_id=44"},"modified":"2009-08-16T21:27:22","modified_gmt":"2009-08-16T20:27:22","slug":"strona-glowna","status":"publish","type":"page","link":"https:\/\/www.solvena.pl\/?page_id=44","title":{"rendered":"Mapa Strony"},"content":{"rendered":"\n\n<!-- START of Dagon Design Sitemap Generator output -->\n\n<div class=\"ddsg-wrapper\"><h2>Strony<\/h2><ul><li><a href=\"https:\/\/www.solvena.pl\/?page_id=1482\" title=\"Regulamin serwisu\">Regulamin serwisu<\/a><\/li><li><a href=\"https:\/\/www.solvena.pl\/?page_id=40\" title=\"Referencje od naszych Klient\u00f3w\">Referencje od naszych Klient\u00f3w<\/a><\/li><li><a href=\"https:\/\/www.solvena.pl\/?page_id=42\" title=\"Aktualno\u015bci\">Aktualno\u015bci<\/a><\/li><li><a href=\"https:\/\/www.solvena.pl\/?page_id=44\" title=\"Mapa Strony\">Mapa Strony<\/a><\/li><li><a href=\"https:\/\/www.solvena.pl\/?page_id=79\" title=\"O firmie\">O firmie<\/a><\/li><li><a href=\"https:\/\/www.solvena.pl\/?page_id=78\" title=\"(Bez tytu\u0142u)\">(Bez tytu\u0142u)<\/a><\/li><li><a href=\"https:\/\/www.solvena.pl\/?page_id=87\" title=\"Platforma EKOPROCES\">Platforma EKOPROCES<\/a><\/li><li><a href=\"https:\/\/www.solvena.pl\/?page_id=1487\" title=\"Obowi\u0105zek informacyjny RODO\">Obowi\u0105zek informacyjny RODO<\/a><\/li><li><a href=\"https:\/\/www.solvena.pl\/?page_id=622\" title=\"Kariera z Solven\u0105\">Kariera z Solven\u0105<\/a><\/li><li><a href=\"https:\/\/www.solvena.pl\/?page_id=691\" title=\"Ewidencja deklaracji i wymiar op\u0142aty dla Gmin i Zwi\u0105zk\u00f3w Mi\u0119dzygminnych - System Monitorowania Odpad\u00f3w Komunalnych\">Ewidencja deklaracji i wymiar op\u0142aty dla Gmin i Zwi\u0105zk\u00f3w Mi\u0119dzygminnych - System Monitorowania Odpad\u00f3w Komunalnych<\/a><\/li><li><a href=\"https:\/\/www.solvena.pl\/?page_id=717\" title=\"ENOVA\">ENOVA<\/a><\/li><li><a href=\"https:\/\/www.solvena.pl\/?page_id=1049\" title=\"Polityka Prywatno\u015bci\">Polityka Prywatno\u015bci<\/a><\/li><li><a href=\"https:\/\/www.solvena.pl\/?page_id=1101\" title=\"SOK - System Obs\u0142ugi Kompostowni\">SOK - System Obs\u0142ugi Kompostowni<\/a><\/li><li><a href=\"https:\/\/www.solvena.pl\/?page_id=1107\" title=\"EKORADAR -  Platforma do monitorowania gospodarki odpadami w Gminie\">EKORADAR -  Platforma do monitorowania gospodarki odpadami w Gminie<\/a><ul><li><a href=\"https:\/\/www.solvena.pl\/?page_id=1306\" title=\"Aplikacja zarz\u0105dzaj\u0105ca\">Aplikacja zarz\u0105dzaj\u0105ca<\/a><\/li><li><a href=\"https:\/\/www.solvena.pl\/?page_id=1309\" title=\"Aplikacja mobilna\">Aplikacja mobilna<\/a><\/li><li><a href=\"https:\/\/www.solvena.pl\/?page_id=1314\" title=\"Profile u\u017cytkownik\u00f3w\">Profile u\u017cytkownik\u00f3w<\/a><\/li><\/ul><\/li><li><a href=\"https:\/\/www.solvena.pl\/\" title=\"Front Page\">Front Page<\/a><\/li><li><a href=\"https:\/\/www.solvena.pl\/?page_id=1396\" title=\"Blog\">Blog<\/a><\/li>\n<\/ul><h2>Posty<\/h2><ul><li><strong>Kategoria:<\/strong> <a href=\"https:\/\/www.solvena.pl\/?cat=3\" title=\"News\">News<\/a><ul><li><a href=\"https:\/\/www.solvena.pl\/?p=1391\" title=\"Szkolenia &quot;Selektywna zbi\u00f3rka bioodpad\u00f3w&quot;\">Szkolenia &quot;Selektywna zbi\u00f3rka bioodpad\u00f3w&quot;<\/a><\/li><li><a href=\"https:\/\/www.solvena.pl\/?p=1344\" title=\"Warsztaty BIORECYKLING dla gmin w Mazowieckim Urz\u0119dzie Marsza\u0142kowskim\">Warsztaty BIORECYKLING dla gmin w Mazowieckim Urz\u0119dzie Marsza\u0142kowskim<\/a><\/li><li><a href=\"https:\/\/www.solvena.pl\/?p=1342\" title=\"Nowa funkcjonalno\u015b\u0107 EKORADAR - modu\u0142 nieruchomo\u015bci\">Nowa funkcjonalno\u015b\u0107 EKORADAR - modu\u0142 nieruchomo\u015bci<\/a><\/li><li><a href=\"https:\/\/www.solvena.pl\/?p=1337\" title=\"Wdro\u017cenie systemu ENOVA365 w Cafeway Group S.A.\">Wdro\u017cenie systemu ENOVA365 w Cafeway Group S.A.<\/a><\/li><li><a href=\"https:\/\/www.solvena.pl\/?p=1326\" title=\"Wdro\u017cenie EKORADAR w Zgorzelcu\">Wdro\u017cenie EKORADAR w Zgorzelcu<\/a><\/li><li><a href=\"https:\/\/www.solvena.pl\/?p=1322\" title=\"BIXBIT zmiana nazwy produktu DMSCLOUD\">BIXBIT zmiana nazwy produktu DMSCLOUD<\/a><\/li><li><a href=\"https:\/\/www.solvena.pl\/?p=1251\" title=\"BIXBIT - nowy system do zarz\u0105dzania dokumentami i zadaniami w ofercie Solvena\">BIXBIT - nowy system do zarz\u0105dzania dokumentami i zadaniami w ofercie Solvena<\/a><\/li><li><a href=\"https:\/\/www.solvena.pl\/?p=1224\" title=\"Wdro\u017cenie platformy EKORADAR w firmie JURANT\">Wdro\u017cenie platformy EKORADAR w firmie JURANT<\/a><\/li><li><a href=\"https:\/\/www.solvena.pl\/?p=1190\" title=\"&quot;Wdro\u017cenie  mobilnego systemu do zarz\u0105dzania spedycj\u0105&quot;\">&quot;Wdro\u017cenie  mobilnego systemu do zarz\u0105dzania spedycj\u0105&quot;<\/a><\/li><li><a href=\"https:\/\/www.solvena.pl\/?p=1147\" title=\"SIGO - kolejny nowy klient\">SIGO - kolejny nowy klient<\/a><\/li><li><a href=\"https:\/\/www.solvena.pl\/?p=1144\" title=\"SIGO\">SIGO<\/a><\/li><li><a href=\"https:\/\/www.solvena.pl\/?p=1135\" title=\"Platforma SOK\">Platforma SOK<\/a><\/li><li><a href=\"https:\/\/www.solvena.pl\/?p=1064\" title=\"EKORADAR - System mobilny do rejestracji wywoz\u00f3w\">EKORADAR - System mobilny do rejestracji wywoz\u00f3w<\/a><\/li><li><a href=\"https:\/\/www.solvena.pl\/?p=731\" title=\"Innowacyjny System Obs\u0142ugi Kompostowni SOK\">Innowacyjny System Obs\u0142ugi Kompostowni SOK<\/a><\/li><li><a href=\"https:\/\/www.solvena.pl\/?p=1039\" title=\"Aktualizacja mapy System Monitorowania Odpad\u00f3w Komunalnych\">Aktualizacja mapy System Monitorowania Odpad\u00f3w Komunalnych<\/a><\/li><li><a href=\"https:\/\/www.solvena.pl\/?p=1033\" title=\"System Monitorowania Odpad\u00f3w Komunalnych w nowych gminach\">System Monitorowania Odpad\u00f3w Komunalnych w nowych gminach<\/a><\/li><li><a href=\"https:\/\/www.solvena.pl\/?p=1029\" title=\"Aktualne dane kontaktowe\">Aktualne dane kontaktowe<\/a><\/li><li><a href=\"https:\/\/www.solvena.pl\/?p=1019\" title=\"Szkolenie ze SMOKa w Zwi\u0105zku Bzura\">Szkolenie ze SMOKa w Zwi\u0105zku Bzura<\/a><\/li><li><a href=\"https:\/\/www.solvena.pl\/?p=1009\" title=\"System Monitorowania Odpad\u00f3w Komunalnych i Geo-System\">System Monitorowania Odpad\u00f3w Komunalnych i Geo-System<\/a><\/li><li><a href=\"https:\/\/www.solvena.pl\/?p=1003\" title=\"SMOK w kolejnych miastach\">SMOK w kolejnych miastach<\/a><\/li><li><a href=\"https:\/\/www.solvena.pl\/?p=996\" title=\"System SMOK w kolejnych Zwi\u0105zkach Mi\u0119dzygminnych\">System SMOK w kolejnych Zwi\u0105zkach Mi\u0119dzygminnych<\/a><\/li><li><a href=\"https:\/\/www.solvena.pl\/?p=993\" title=\"Nowa lokalizacja i nowy numer telefonu\">Nowa lokalizacja i nowy numer telefonu<\/a><\/li><li><a href=\"https:\/\/www.solvena.pl\/?p=985\" title=\"&quot;\u015amieci w gminie&quot; - ich monitoring wg nowelizowanej ustawy\">&quot;\u015amieci w gminie&quot; - ich monitoring wg nowelizowanej ustawy<\/a><\/li><li><a href=\"https:\/\/www.solvena.pl\/?p=979\" title=\"\u015aniadanie prasowe w Dolno\u015blo\u0105skiej Izbie Gospodarczej\">\u015aniadanie prasowe w Dolno\u015blo\u0105skiej Izbie Gospodarczej<\/a><\/li><li><a href=\"https:\/\/www.solvena.pl\/?p=968\" title=\"SMOK w kolejnym zwi\u0105zku mi\u0119dzygminnym\">SMOK w kolejnym zwi\u0105zku mi\u0119dzygminnym<\/a><\/li><li><a href=\"https:\/\/www.solvena.pl\/?p=932\" title=\"SMOK w kolejnych gminach\">SMOK w kolejnych gminach<\/a><\/li><li><a href=\"https:\/\/www.solvena.pl\/?p=921\" title=\"TARGIT najbardziej innowacyjnym rozwi\u0105zaniem Business Intelligence!\">TARGIT najbardziej innowacyjnym rozwi\u0105zaniem Business Intelligence!<\/a><\/li><li><a href=\"https:\/\/www.solvena.pl\/?p=917\" title=\"System Informatyczny Gospodarki Odpadami SIGO\">System Informatyczny Gospodarki Odpadami SIGO<\/a><\/li><li><a href=\"https:\/\/www.solvena.pl\/?p=910\" title=\"Nowa wersja systemu Prophix\">Nowa wersja systemu Prophix<\/a><\/li><li><a href=\"https:\/\/www.solvena.pl\/?p=907\" title=\"SMOK na konferencji w Dar\u0142owie\">SMOK na konferencji w Dar\u0142owie<\/a><\/li><\/ul><\/li><\/ul><div class='ddsg-pagenav'><p>Strona 1 z 2 : <a href=\"https:\/\/www.solvena.pl\/index.php?page_id=&amp;pg=2\">Nast\u0119pna<\/a><\/p><\/div><\/div>\n\n<!-- END of Dagon Design Sitemap Generator output -->\n\n\n","protected":false},"excerpt":{"rendered":"<p>StronyRegulamin serwisuReferencje od naszych Klient\u00f3wAktualno\u015bciMapa StronyO firmie(Bez tytu\u0142u)Platforma EKOPROCESObowi\u0105zek informacyjny RODOKariera z Solven\u0105Ewidencja deklaracji i wymiar op\u0142aty dla Gmin i Zwi\u0105zk\u00f3w Mi\u0119dzygminnych &#8211; System Monitorowania Odpad\u00f3w KomunalnychENOVAPolityka Prywatno\u015bciSOK &#8211; System Obs\u0142ugi KompostowniEKORADAR &#8211; Platforma do monitorowania gospodarki odpadami w GminieAplikacja zarz\u0105dzaj\u0105caAplikacja mobilnaProfile u\u017cytkownik\u00f3wFront PageBlog PostyKategoria: NewsSzkolenia &quot;Selektywna zbi\u00f3rka bioodpad\u00f3w&quot;Warsztaty BIORECYKLING dla gmin w Mazowieckim Urz\u0119dzie&hellip; <br \/> <a class=\"read-more\" href=\"https:\/\/www.solvena.pl\/?page_id=44\">Dowiedz si\u0119 wi\u0119cej<\/a><\/p>\n","protected":false},"author":1,"featured_media":0,"parent":0,"menu_order":0,"comment_status":"closed","ping_status":"closed","template":"","meta":{"_mi_skip_tracking":false},"_links":{"self":[{"href":"https:\/\/www.solvena.pl\/index.php?rest_route=\/wp\/v2\/pages\/44"}],"collection":[{"href":"https:\/\/www.solvena.pl\/index.php?rest_route=\/wp\/v2\/pages"}],"about":[{"href":"https:\/\/www.solvena.pl\/index.php?rest_route=\/wp\/v2\/types\/page"}],"author":[{"embeddable":true,"href":"https:\/\/www.solvena.pl\/index.php?rest_route=\/wp\/v2\/users\/1"}],"replies":[{"embeddable":true,"href":"https:\/\/www.solvena.pl\/index.php?rest_route=%2Fwp%2Fv2%2Fcomments&post=44"}],"version-history":[{"count":15,"href":"https:\/\/www.solvena.pl\/index.php?rest_route=\/wp\/v2\/pages\/44\/revisions"}],"predecessor-version":[{"id":1060,"href":"https:\/\/www.solvena.pl\/index.php?rest_route=\/wp\/v2\/pages\/44\/revisions\/1060"}],"wp:attachment":[{"href":"https:\/\/www.solvena.pl\/index.php?rest_route=%2Fwp%2Fv2%2Fmedia&parent=44"}],"curies":[{"name":"wp","href":"https:\/\/api.w.org\/{rel}","templated":true}]}}