{"id":622,"date":"2010-01-18T21:51:18","date_gmt":"2010-01-18T20:51:18","guid":{"rendered":"http:\/\/www.solvena.pl\/?page_id=622"},"modified":"2012-12-03T10:09:43","modified_gmt":"2012-12-03T09:09:43","slug":"kariera-z-solvena","status":"publish","type":"page","link":"https:\/\/www.solvena.pl\/?page_id=622","title":{"rendered":"Kariera z Solven\u0105"},"content":{"rendered":"<h2 style=\"text-align: center;\"><strong><span style=\"color: #000000;\">OFERTY PRACY<\/span><\/strong><\/h2>\n<p><strong>Solvena Management Systems Sp. z o.o.<\/strong> wiod\u0105cy dostawca zintegrowanych rozwi\u0105za\u0144 IT dla biznesu z siedzib\u0105 we Wroc\u0142awiu poszukuje osoby na stanowisko:<\/p>\n<p>&#8212;&#8212;&#8212;&#8212;&#8212;&#8212;&#8212;&#8212;&#8212;&#8212;&#8212;&#8212;&#8212;&#8212;&#8212;&#8212;&#8212;&#8212;&#8212;&#8212;&#8212;&#8212;&#8212;&#8212;&#8212;&#8212;&#8212;&#8212;&#8212;&#8212;&#8212;&#8212;&#8212;&#8212;&#8212;&#8212;&#8212;&#8212;&#8212;&#8211;<\/p>\n<p><strong>Konsultant system&oacute;w BUSINESS INTELLIGENCE<br \/>\n\t<\/strong> <em> &quot;Stanowisko dla osoby do\u015bwiadczonej i ambitnej, chc\u0105cej rozwija\u0107 swoj\u0105 karier\u0119 zawodow\u0105.&quot;<\/em><\/p>\n<p>\n\t<strong><u>Zatrudniona osoba b\u0119dzie odpowiedzialna m.in. za:<\/u><\/strong><\/p>\n<ul>\n<li>opracowanie analiz przedwdro\u017ceniowych w zakresie bud\u017cetowania, planowania i raportowania&nbsp;<\/li>\n<li>budowa modeli analitycznych dotycz\u0105cych zarz\u0105dzania efektywno\u015bci\u0105 firmy (CPM)<\/li>\n<li>prowadzenie projekt&oacute;w wdro\u017ceniowych system&oacute;w IT do Controllingu<\/li>\n<li>prowadzenie szkole\u0144 merytorycznych u\u017cytkownik&oacute;w<\/li>\n<li>przygotowanie dokumentacji wdro\u017ceniowej<\/li>\n<li>&nbsp;<\/li>\n<\/ul>\n<p><u><strong>Wymagania:<\/strong><\/u><\/p>\n<ul>\n<li>wykszta\u0142cenie wy\u017csze informatyczne lub ekonomiczne<\/li>\n<li>znajomo\u015b\u0107 zagadnie\u0144 zwi\u0105zanych z budow\u0105 hurtowni danych<\/li>\n<li>wiedza z zakresu rachunkowo\u015bci, controlingu i bud\u017cetowania<\/li>\n<li>otwarto\u015b\u0107 i ch\u0119\u0107 poznawania nowych rozwi\u0105za\u0144<\/li>\n<li>umiej\u0119tno\u015b\u0107 wsp&oacute;\u0142pracy z klientami i pracy w zespole,<\/li>\n<li>prawo jazdy kategorii B<\/li>\n<li>du\u017ca samodzielno\u015b\u0107, rzetelno\u015b\u0107 i samodyscyplina,<\/li>\n<li>znajomo\u015b\u0107 system&oacute;w Prophix lub Targit b\u0119dzie dodatkowym atutem<\/li>\n<li>&nbsp;<\/li>\n<\/ul>\n<p><strong><u>Oferujemy:<\/u><\/strong><\/p>\n<ul>\n<li>prac\u0119 w dynamicznie rozwijaj\u0105cej si\u0119 firmie<\/li>\n<li>mo\u017cliwo\u015b\u0107 rozwoju w zakresie najnowszych technologii<\/li>\n<li>atrakcyjne wynagrodzenie<\/li>\n<li>szkolenia podnosz\u0105ce kwalifikacje<\/li>\n<\/ul>\n<p>CV oraz list motywacyjny prosimy przesy\u0142a\u0107 &nbsp;na adres: praca@solvena.pl<\/p>\n<p><span style=\"font-size:8px;\">Prosimy o dopisanie nast\u0119puj\u0105cej klauzuli: &quot;Wyra\u017cam zgod\u0119 na przetwarzanie moich danych osobowych zawartych w mojej ofercie pracy dla potrzeb niezb\u0119dnych do realizacji procesu rekrutacji (zgodnie z ustaw\u0105 z dn. 29.08.97 roku o Ochronie Danych Osobowych Dz. Ust Nr 133 poz. 883)&quot;.<br \/>\n\t<\/span>&#8212;&#8212;&#8212;&#8212;&#8212;&#8212;&#8212;&#8212;&#8212;&#8212;&#8212;&#8212;&#8212;&#8212;&#8212;&#8212;&#8212;&#8212;&#8212;&#8212;&#8212;&#8212;&#8212;&#8212;&#8212;&#8212;&#8212;&#8212;&#8212;&#8212;&#8212;&#8212;&#8212;&#8212;&#8212;&#8212;&#8212;&#8212;&#8212;&#8212;&#8212;&nbsp;<\/p>\n<p><strong>Konsultant system&oacute;w ERP<\/strong> (FK\/SCM\/CRM\/BI\/PM\/Produkcja)<\/p>\n<p><span style=\"text-decoration: underline;\">Opis stanowiska:<\/span><\/p>\n<ul>\n<li>Analiza proces&oacute;w biznesowych klienta,<\/li>\n<li>Przygotowywanie rozwi\u0105za\u0144 w oparciu o oferowane systemy,<\/li>\n<li>Wdro\u017cenia system&oacute;w ERP.<\/li>\n<\/ul>\n<p><span style=\"text-decoration: underline;\">Wymagania: <\/span><\/p>\n<ul>\n<li>Bieg\u0142a znajomo\u015b\u0107 zagadnie\u0144 zwi\u0105zanych z funkcjonowaniem przedsi\u0119biorstw w jednym z obszar&oacute;w: finanse i ksi\u0119gowo\u015b\u0107, gospodarka materia\u0142owa i zaopatrzenie, sprzeda\u017c i dystrybucja, CRM, produkcja, zarz\u0105dzanie projektami,<\/li>\n<li>\u0141atwo\u015b\u0107 nawi\u0105zywania kontakt&oacute;w,<\/li>\n<li>Du\u017ca samodzielno\u015b\u0107, rzetelno\u015b\u0107 i samodyscyplina,<\/li>\n<li>Prawo jazdy,<\/li>\n<\/ul>\n<p>Dodatkowym atutem b\u0119dzie znajomo\u015b\u0107 systemu MS Dynamics NAV.<\/p>\n<p><span style=\"text-decoration: underline;\">Oferujemy:<\/span><\/p>\n<ul>\n<li>prac\u0119 w dynamicznie rozwijaj\u0105cej si\u0119 firmie<\/li>\n<li>mo\u017cliwo\u015b\u0107 rozwoju w zakresie najnowszych technologii<\/li>\n<li>atrakcyjne wynagrodzenie<\/li>\n<li>szkolenia podnosz\u0105ce kwalifikacje (w tym zagraniczne)<\/li>\n<li>prac\u0119 w mi\u0119dzynarodowym \u015brodowisku<\/li>\n<\/ul>\n<p>CV oraz list motywacyjny prosimy przesy\u0142a\u0107 na adres: praca@solvena.pl<\/p>\n<p>&nbsp;<\/p>\n<p>&#8212;&#8212;&#8212;&#8212;&#8212;&#8212;&#8212;&#8212;&#8212;&#8212;&#8212;&#8212;&#8212;&#8212;&#8212;&#8212;&#8212;&#8212;&#8212;&#8212;&#8212;&#8212;&#8212;&#8212;&#8212;&#8212;&#8212;&#8212;&#8212;&#8211;<\/p>\n<p><strong>Programista aplikacji MS Dynamics NAV<\/strong><\/p>\n<p><u><br \/>\n\tZatrudniona osoba b\u0119dzie odpowiedzialna m.in. za:<\/u><\/p>\n<p>\n\t&bull; analiz\u0119 i projektowanie nowych rozwi\u0105za\u0144 technicznych<br \/>\n\t&bull; stworzenie i utrzymanie interfejs&oacute;w podsystem&oacute;w<br \/>\n\t&bull; tworzenie i dostosowywanie systemu Microsoft Dynamics do zmieniaj\u0105cych si\u0119 proces&oacute;w biznesowych<br \/>\n\t&bull; \u015bcis\u0142a wsp&oacute;\u0142praca z innymi zespo\u0142ami i wydzia\u0142ami<\/p>\n<p><u>Wymagania:<\/u><\/p>\n<p>&bull; wykszta\u0142cenie wy\u017csze informatyczne lub ekonomiczne<br \/>\n\t&bull; znajomo\u015b\u0107 system&oacute;w ERP<br \/>\n\t&bull; do\u015bwiadczenie programowaniu w MS Dynamics NAV &#8211; C\/SIDE<br \/>\n\t&bull; umiej\u0119tno\u015b\u0107 programowania w PHP lub .NET b\u0119dzie dod. atutem<br \/>\n\t&bull; otwarto\u015b\u0107 i ch\u0119\u0107 poznawania nowych rozwi\u0105za\u0144<br \/>\n\t&bull; umiej\u0119tno\u015b\u0107 wsp&oacute;\u0142pracy z klientami i pracy w zespole,<br \/>\n\t&bull; prawo jazdy kategorii B<br \/>\n\t&bull; du\u017ca samodzielno\u015b\u0107, rzetelno\u015b\u0107 i samodyscyplina,<\/p>\n<p>\tOferujemy:<br \/>\n\t&bull; prac\u0119 w dynamicznie rozwijaj\u0105cej si\u0119 firmie<br \/>\n\t&bull; mo\u017cliwo\u015b\u0107 rozwoju w zakresie najnowszych technologii<br \/>\n\t&bull; atrakcyjne wynagrodzenie<br \/>\n\t&bull; szkolenia podnosz\u0105ce kwalifikacje <\/p>\n<p>\n\tKandydat&oacute;w prosimy o przes\u0142anie \u017cyciorysu zawodowego (CV) poczt\u0105 elektroniczn\u0105 na adres: solvena@solvena.pl<\/p>\n<p>\n\tProsimy o dopisanie nast\u0119puj\u0105cej klauzuli: &quot;Wyra\u017cam zgod\u0119 na przetwarzanie moich danych osobowych zawartych w mojej ofercie pracy dla potrzeb niezb\u0119dnych do realizacji procesu rekrutacji (zgodnie z ustaw\u0105 z dn. 29.08.97 roku o Ochronie Danych Osobowych Dz. Ust Nr 133 poz. 883)&quot;.<br \/>\n\t&nbsp;<\/p>\n<p>&nbsp;<\/p>\n<p>&#8212;&#8212;&#8212;&#8212;&#8212;&#8212;&#8212;&#8212;&#8212;&#8212;&#8212;&#8212;&#8212;&#8212;&#8212;&#8212;&#8212;&#8212;&#8212;&#8212;&#8212;&#8212;&#8212;&#8212;&#8212;&#8212;&#8212;&#8212;&#8212;&#8212;<\/p>\n<p>&nbsp;<\/p>\n<p class=\"MsoNormal\"><span style=\"font-size:14px;\"><b>&bdquo;Zastrzegamy sobie prawo do kontaktu z wybranymi osobami&rdquo;<br \/>\n\t<\/b><\/span><\/p>\n<p class=\"MsoNormal\"><b>&#8212;&#8212;&#8212;&#8212;&#8212;&#8212;&#8212;&#8212;&#8212;&#8212;&#8212;&#8212;&#8212;&#8212;&#8212;&#8212;&#8212;&#8212;&#8212;&#8212;&#8212;&#8212;&#8212;&#8212;&#8212;&#8212;&#8212;&#8212;&#8212;&#8212;<\/b><\/p>\n","protected":false},"excerpt":{"rendered":"<p>OFERTY PRACY Solvena Management Systems Sp. z o.o. wiod\u0105cy dostawca zintegrowanych rozwi\u0105za\u0144 IT dla biznesu z siedzib\u0105 we Wroc\u0142awiu poszukuje osoby na stanowisko: &#8212;&#8212;&#8212;&#8212;&#8212;&#8212;&#8212;&#8212;&#8212;&#8212;&#8212;&#8212;&#8212;&#8212;&#8212;&#8212;&#8212;&#8212;&#8212;&#8212;&#8212;&#8212;&#8212;&#8212;&#8212;&#8212;&#8212;&#8212;&#8212;&#8212;&#8212;&#8212;&#8212;&#8212;&#8212;&#8212;&#8212;&#8212;&#8212;&#8211; Konsultant system&oacute;w BUSINESS INTELLIGENCE &quot;Stanowisko dla osoby do\u015bwiadczonej i ambitnej, chc\u0105cej rozwija\u0107 swoj\u0105 karier\u0119 zawodow\u0105.&quot; Zatrudniona osoba b\u0119dzie odpowiedzialna m.in. za: opracowanie analiz przedwdro\u017ceniowych w zakresie bud\u017cetowania, planowania i raportowania&nbsp; budowa&hellip; <br \/> <a class=\"read-more\" href=\"https:\/\/www.solvena.pl\/?page_id=622\">Dowiedz si\u0119 wi\u0119cej<\/a><\/p>\n","protected":false},"author":1,"featured_media":0,"parent":0,"menu_order":0,"comment_status":"closed","ping_status":"open","template":"","meta":{"_mi_skip_tracking":false},"_links":{"self":[{"href":"https:\/\/www.solvena.pl\/index.php?rest_route=\/wp\/v2\/pages\/622"}],"collection":[{"href":"https:\/\/www.solvena.pl\/index.php?rest_route=\/wp\/v2\/pages"}],"about":[{"href":"https:\/\/www.solvena.pl\/index.php?rest_route=\/wp\/v2\/types\/page"}],"author":[{"embeddable":true,"href":"https:\/\/www.solvena.pl\/index.php?rest_route=\/wp\/v2\/users\/1"}],"replies":[{"embeddable":true,"href":"https:\/\/www.solvena.pl\/index.php?rest_route=%2Fwp%2Fv2%2Fcomments&post=622"}],"version-history":[{"count":25,"href":"https:\/\/www.solvena.pl\/index.php?rest_route=\/wp\/v2\/pages\/622\/revisions"}],"predecessor-version":[{"id":978,"href":"https:\/\/www.solvena.pl\/index.php?rest_route=\/wp\/v2\/pages\/622\/revisions\/978"}],"wp:attachment":[{"href":"https:\/\/www.solvena.pl\/index.php?rest_route=%2Fwp%2Fv2%2Fmedia&parent=622"}],"curies":[{"name":"wp","href":"https:\/\/api.w.org\/{rel}","templated":true}]}}