{"id":691,"date":"2010-05-20T11:53:14","date_gmt":"2010-05-20T10:53:14","guid":{"rendered":"http:\/\/www.solvena.pl\/?page_id=691"},"modified":"2021-06-24T10:15:02","modified_gmt":"2021-06-24T08:15:02","slug":"smok-system-monitorowania-odpadami-komunalnymi","status":"publish","type":"page","link":"https:\/\/www.solvena.pl\/?page_id=691","title":{"rendered":"Ewidencja deklaracji i wymiar op\u0142aty dla Gmin i Zwi\u0105zk\u00f3w Mi\u0119dzygminnych &#8211; System Monitorowania Odpad\u00f3w Komunalnych"},"content":{"rendered":"\n<p><\/p>\n\n\n<p style=\"text-align: center\"><img loading=\"lazy\" alt=\"\" src=\"http:\/\/www.solvena.pl\/wp-content\/uploads\/image\/smok_baner.gif\" width=\"530\" height=\"66\"><\/p>\n<p class=\"MsoNormal\"><i>System wspiera realizacj\u0119 wszystkich podstawowych zada\u0144 realizowanych w Mie\u015bcie i Gminie z zakresu Gospodarki Odpadami.<o:p><\/o:p><\/i><\/p>\n<p class=\"MsoNormal\"><o:p>&nbsp;<\/o:p><\/p>\n<p class=\"MsoNormal\">Do g\u0142\u00f3wnych zalet <b><i><span style=\"color:#4F6228\">Systemu Monitorowania Odpad\u00f3w Komunalnych<\/span><\/i><\/b><i><span style=\"color:#76923C\"> <\/span><\/i><u>nale\u017cy zaliczy\u0107 przede wszystkich jego przejrzysto\u015b\u0107 i \u0142atwo\u015b\u0107 obs\u0142ugi.<\/u><\/p>\n<p class=\"MsoNormal\"><o:p>&nbsp;<\/o:p><\/p>\n<p class=\"MsoNormal\">System realizuje m.in. nast\u0119puj\u0105ce obszary:<\/p>\n<p class=\"MsoNormal\">1.&nbsp;&nbsp;&nbsp;&nbsp;&nbsp;&nbsp; Ewidencja w\u0142a\u015bcicieli nieruchomo\u015bci i innych podmiot\u00f3w<br>\n\t2.&nbsp;&nbsp;&nbsp;&nbsp;&nbsp;&nbsp; Deklaracje<br>\n\t3.&nbsp;&nbsp;&nbsp;&nbsp;&nbsp;&nbsp; Naliczanie op\u0142at<br>\n\t4.&nbsp;&nbsp;&nbsp;&nbsp;&nbsp;&nbsp; Przyjmowanie op\u0142at za gospodark\u0119 komunaln\u0105<br>\n\t5.&nbsp;&nbsp;&nbsp;&nbsp;&nbsp;&nbsp; Zaleg\u0142o\u015bci w op\u0142atach<br>\n\t6.&nbsp;&nbsp;&nbsp;&nbsp;&nbsp;&nbsp; Sprawozdawczo\u015b\u0107<br>\n\t7.&nbsp;&nbsp;&nbsp;&nbsp;&nbsp;&nbsp; Rejestr dzia\u0142alno\u015bci regulowanej<br>\n\t8.&nbsp;&nbsp;&nbsp;&nbsp;&nbsp;&nbsp; Komunikacja i kontrola Firm Wywozowych<br>\n\t9.&nbsp;&nbsp;&nbsp;&nbsp;&nbsp;&nbsp; Weryfikacja i kontrola nieruchomo\u015bci<\/p>\n<p class=\"MsoNormal\">Nasi klienci:<\/p>\n<p class=\"MsoNormal\"><strong>\u2022<\/strong>&nbsp; &nbsp; Wroc\u0142aw, \u017byrard\u00f3w, Potwor\u00f3w, I\u0142\u017ca, \u0141eba, Ustka, \u017bmigr\u00f3d, So\u015bnie, Gmina O\u0142awa, Kochanowice, &nbsp; &nbsp; &nbsp; &nbsp; &nbsp; &nbsp; &nbsp; Krynica Zdr\u00f3j<br>\n\t<strong>\u2022&nbsp;&nbsp;&nbsp; Komunalny Zwi\u0105zek Gmin Regionu Leszczy\u0144skiego<br>\n\t\u2022&nbsp;&nbsp;&nbsp; Zwi\u0105zek Mi\u0119dzygminny \u015al\u0119za-O\u0142awa<br>\n\t\u2022&nbsp;&nbsp;&nbsp; Mi\u0119dzygminny Zwi\u0105zek Chrzanowa, Libi\u0105\u017ca, Trzebini \u201eGospodarka Komunalna\u201d<br>\n\t\u2022&nbsp;&nbsp;&nbsp; Zwi\u0105zek Mi\u0119dzygminny \u201eBZURA\u201d<br>\n\t\u2022&nbsp;&nbsp;&nbsp; Zwi\u0105zek Mi\u0119dzygminny \u201eCzysty Region\u201d w K\u0119dzierzynie-Ko\u017alu<br>\n\t\u2022&nbsp;&nbsp;&nbsp; Zwi\u0105zek Celowy Gmin MG-6<br>\n\t\u2022&nbsp;&nbsp;&nbsp; Zwi\u0105zek Mi\u0119dzygminny SELEKT<br>\n\t\u2022&nbsp;&nbsp;&nbsp; Zwi\u0105zek Gmin \u201eCzyste Miasto, Czysta Gmina\u201d<\/strong><\/p>\n<p class=\"MsoListParagraph\" style=\"text-indent:-18.0pt;line-height:150%;\nmso-list:l1 level1 lfo2\">&nbsp;<\/p>\n<p class=\"MsoListParagraph\" style=\"text-indent:-18.0pt;line-height:150%;\nmso-list:l1 level1 lfo2\"><b><span style=\"font-family:&quot;Arial&quot;,&quot;sans-serif&quot;\"><o:p><\/o:p><\/span><\/b><\/p>\n<p>Mapa dotychczasowych klient\u00f3w: <a href=\"wp-content\/themes\/default\/MAPASMOK.pdf\">Mapa klient\u00f3w<\/a><\/p>\n<p>List referencyjny z wdro\u017cenia systemu w ZDiUM <a href=\"wp-content\/themes\/default\/List_referencyjny.pdf\">List Referencyjny<\/a><\/p>\n<p>List referencyjny Czyste Miasto Czysta Gmina <a href=\"wp-content\/themes\/default\/CMCG.PDF\">List Referencyjny Czyste Miasto Czysta Gmina<\/a><\/p>\n<p>List referencyjny Selekt <a href=\"wp-content\/themes\/default\/Selekt.jpg\">List Referencyjny Zwi\u0105zek Mi\u0119dzygminny Selekt<\/a><\/p>\n<p>Wersja demonstracyjna systemu dost\u0119pna jest pod adresem <a href=\"https:\/\/smok.solvena.pl\/\">smok.solvena.pl<\/a>. W celu uzyskania dost\u0119pu prosimy o kontakt pod numerem tel. (71) 736 04 71<\/p>","protected":false},"excerpt":{"rendered":"<p>System wspiera realizacj\u0119 wszystkich podstawowych zada\u0144 realizowanych w Mie\u015bcie i Gminie z zakresu Gospodarki Odpadami. &nbsp; Do g\u0142\u00f3wnych zalet Systemu Monitorowania Odpad\u00f3w Komunalnych nale\u017cy zaliczy\u0107 przede wszystkich jego przejrzysto\u015b\u0107 i \u0142atwo\u015b\u0107 obs\u0142ugi. &nbsp; System realizuje m.in. nast\u0119puj\u0105ce obszary: 1.&nbsp;&nbsp;&nbsp;&nbsp;&nbsp;&nbsp; Ewidencja w\u0142a\u015bcicieli nieruchomo\u015bci i innych podmiot\u00f3w 2.&nbsp;&nbsp;&nbsp;&nbsp;&nbsp;&nbsp; Deklaracje 3.&nbsp;&nbsp;&nbsp;&nbsp;&nbsp;&nbsp; Naliczanie op\u0142at 4.&nbsp;&nbsp;&nbsp;&nbsp;&nbsp;&nbsp; Przyjmowanie op\u0142at za gospodark\u0119&hellip; <br \/> <a class=\"read-more\" href=\"https:\/\/www.solvena.pl\/?page_id=691\">Dowiedz si\u0119 wi\u0119cej<\/a><\/p>\n","protected":false},"author":1,"featured_media":0,"parent":0,"menu_order":0,"comment_status":"closed","ping_status":"open","template":"","meta":{"_mi_skip_tracking":false},"_links":{"self":[{"href":"https:\/\/www.solvena.pl\/index.php?rest_route=\/wp\/v2\/pages\/691"}],"collection":[{"href":"https:\/\/www.solvena.pl\/index.php?rest_route=\/wp\/v2\/pages"}],"about":[{"href":"https:\/\/www.solvena.pl\/index.php?rest_route=\/wp\/v2\/types\/page"}],"author":[{"embeddable":true,"href":"https:\/\/www.solvena.pl\/index.php?rest_route=\/wp\/v2\/users\/1"}],"replies":[{"embeddable":true,"href":"https:\/\/www.solvena.pl\/index.php?rest_route=%2Fwp%2Fv2%2Fcomments&post=691"}],"version-history":[{"count":65,"href":"https:\/\/www.solvena.pl\/index.php?rest_route=\/wp\/v2\/pages\/691\/revisions"}],"predecessor-version":[{"id":1433,"href":"https:\/\/www.solvena.pl\/index.php?rest_route=\/wp\/v2\/pages\/691\/revisions\/1433"}],"wp:attachment":[{"href":"https:\/\/www.solvena.pl\/index.php?rest_route=%2Fwp%2Fv2%2Fmedia&parent=691"}],"curies":[{"name":"wp","href":"https:\/\/api.w.org\/{rel}","templated":true}]}}