{"id":78,"date":"2009-03-01T19:01:52","date_gmt":"2009-03-01T18:01:52","guid":{"rendered":"http:\/\/marhoff.tivi.net.pl\/marhoff\/?page_id=78"},"modified":"2022-09-02T14:23:17","modified_gmt":"2022-09-02T12:23:17","slug":"kontakt","status":"publish","type":"page","link":"https:\/\/www.solvena.pl\/?page_id=78","title":{"rendered":""},"content":{"rendered":"<p><strong>Solvena Management Systems Sp. z o.o. <\/strong><\/p>\n<p><strong>ul. Hermanowska 6A<br \/>\n<\/strong><\/p>\n<p><strong>54-314&nbsp; Wroc\u0142aw<\/strong><\/p>\n<p>tel.&nbsp; +48 <strong>71 736 04 71<\/strong><\/p>\n<p>e-mail: <a href=\"mailto:solvena@solvena.pl\">solvena@solvena.pl<\/a><\/p>\n<p>Informacje handlowe:<\/p>\n<p><strong>NIP<\/strong> 897-174-55-11<\/p>\n<p><strong>REGON<\/strong> 020812314<\/p>\n<p><strong>KRS<\/strong> 0000314835 \u2013 S\u0105d Rejonowy dla Wroc\u0142awia-Fabrycznej we Wroc\u0142awiu, VI Wydzia\u0142 Gospodarczy Kapita\u0142 zak\u0142adowy (wp\u0142acony w ca\u0142o\u015bci) 215 000 z\u0142<\/p>\n<p><strong>Nr konta bankowego:<\/strong> Santander Bank Polska S.A. 68 1090 2398 0000 0001 3158 4872 <!-- Google Map --><\/p>\n","protected":false},"excerpt":{"rendered":"<p>Solvena Management Systems Sp. z o.o. ul. Hermanowska 6A 54-314&nbsp; Wroc\u0142aw tel.&nbsp; +48 71 736 04 71 e-mail: solvena@solvena.pl Informacje handlowe: NIP 897-174-55-11 REGON 020812314 KRS 0000314835 \u2013 S\u0105d Rejonowy dla Wroc\u0142awia-Fabrycznej we Wroc\u0142awiu, VI Wydzia\u0142 Gospodarczy Kapita\u0142 zak\u0142adowy (wp\u0142acony w ca\u0142o\u015bci) 215 000 z\u0142 Nr konta bankowego: Santander Bank Polska S.A. 68 1090 2398&hellip; <br \/> <a class=\"read-more\" href=\"https:\/\/www.solvena.pl\/?page_id=78\">Dowiedz si\u0119 wi\u0119cej<\/a><\/p>\n","protected":false},"author":1,"featured_media":0,"parent":0,"menu_order":0,"comment_status":"closed","ping_status":"closed","template":"","meta":{"_mi_skip_tracking":false},"_links":{"self":[{"href":"https:\/\/www.solvena.pl\/index.php?rest_route=\/wp\/v2\/pages\/78"}],"collection":[{"href":"https:\/\/www.solvena.pl\/index.php?rest_route=\/wp\/v2\/pages"}],"about":[{"href":"https:\/\/www.solvena.pl\/index.php?rest_route=\/wp\/v2\/types\/page"}],"author":[{"embeddable":true,"href":"https:\/\/www.solvena.pl\/index.php?rest_route=\/wp\/v2\/users\/1"}],"replies":[{"embeddable":true,"href":"https:\/\/www.solvena.pl\/index.php?rest_route=%2Fwp%2Fv2%2Fcomments&post=78"}],"version-history":[{"count":24,"href":"https:\/\/www.solvena.pl\/index.php?rest_route=\/wp\/v2\/pages\/78\/revisions"}],"predecessor-version":[{"id":1467,"href":"https:\/\/www.solvena.pl\/index.php?rest_route=\/wp\/v2\/pages\/78\/revisions\/1467"}],"wp:attachment":[{"href":"https:\/\/www.solvena.pl\/index.php?rest_route=%2Fwp%2Fv2%2Fmedia&parent=78"}],"curies":[{"name":"wp","href":"https:\/\/api.w.org\/{rel}","templated":true}]}}